{"id":3259,"date":"2025-05-23T13:59:28","date_gmt":"2025-05-23T13:59:28","guid":{"rendered":"https:\/\/nexttop.de\/?page_id=3259"},"modified":"2026-02-12T10:52:51","modified_gmt":"2026-02-12T10:52:51","slug":"ueber-uns-nexttop-telefonservice-bueroservice","status":"publish","type":"page","link":"https:\/\/nexttop.de\/en\/ueber-uns-nexttop-telefonservice-bueroservice\/","title":{"rendered":"About us"},"content":{"rendered":"<div data-elementor-type=\"wp-page\" data-elementor-id=\"3259\" class=\"elementor elementor-3259\" data-elementor-post-type=\"page\">\n\t\t\t\t<div class=\"elementor-element elementor-element-6f92a7a0 e-flex e-con-boxed e-con e-parent\" data-id=\"6f92a7a0\" data-element_type=\"container\" data-e-type=\"container\" data-settings=\"{&quot;background_background&quot;:&quot;classic&quot;}\">\n\t\t\t\t\t<div class=\"e-con-inner\">\n\t\t<div class=\"elementor-element elementor-element-29fb363 e-con-full e-flex e-con e-child\" data-id=\"29fb363\" data-element_type=\"container\" data-e-type=\"container\">\n\t\t\t\t<div class=\"elementor-element elementor-element-137c095c elementor-widget-tablet__width-initial elementor-widget elementor-widget-heading\" data-id=\"137c095c\" data-element_type=\"widget\" data-e-type=\"widget\" data-widget_type=\"heading.default\">\n\t\t\t\t<div class=\"elementor-widget-container\">\n\t\t\t\t\t<h2 class=\"elementor-heading-title elementor-size-default\">WHO WE ARE - AND WHY THAT COUNTS\n<\/h2>\t\t\t\t<\/div>\n\t\t\t\t<\/div>\n\t\t\t\t<div class=\"elementor-element elementor-element-6c063508 elementor-widget-tablet__width-inherit elementor-widget elementor-widget-text-editor\" data-id=\"6c063508\" data-element_type=\"widget\" data-e-type=\"widget\" data-widget_type=\"text-editor.default\">\n\t\t\t\t<div class=\"elementor-widget-container\">\n\t\t\t\t\t\t\t\t\t<h1>nexttop: ihr pers\u00f6nlicher Telefon- &amp; B\u00fcroservice<\/h1>\t\t\t\t\t\t\t\t<\/div>\n\t\t\t\t<\/div>\n\t\t\t\t<div class=\"elementor-element elementor-element-9fb841f elementor-widget__width-initial elementor-widget elementor-widget-text-editor\" data-id=\"9fb841f\" data-element_type=\"widget\" data-e-type=\"widget\" data-widget_type=\"text-editor.default\">\n\t\t\t\t<div class=\"elementor-widget-container\">\n\t\t\t\t\t\t\t\t\t<p>Willkommen bei Nexttop \u2013 Ihrem Ansprechpartner f\u00fcr Telefonservice &amp; B\u00fcroservice.<br data-start=\"655\" data-end=\"658\" \/>Wir unterst\u00fctzen Unternehmen bei Leadgenerierung, Kundenzufriedenheitsbefragungen und Office-Outsourcing \u2013 pers\u00f6nlich, flexibel und regional verankert.<\/p>\t\t\t\t\t\t\t\t<\/div>\n\t\t\t\t<\/div>\n\t\t\t\t<\/div>\n\t\t\t\t<div class=\"elementor-element elementor-element-79e82c96 elementor-widget-tablet__width-initial elementor-widget elementor-widget-button\" data-id=\"79e82c96\" data-element_type=\"widget\" data-e-type=\"widget\" data-widget_type=\"button.default\">\n\t\t\t\t<div class=\"elementor-widget-container\">\n\t\t\t\t\t\t\t\t\t<div class=\"elementor-button-wrapper\">\n\t\t\t\t\t<a class=\"elementor-button elementor-button-link elementor-size-sm\" href=\"#elementor-action%3Aaction%3Dpopup%3Aopen%26settings%3DeyJpZCI6IjE3MTAiLCJ0b2dnbGUiOmZhbHNlfQ%3D%3D\">\n\t\t\t\t\t\t<span class=\"elementor-button-content-wrapper\">\n\t\t\t\t\t\t\t\t\t<span class=\"elementor-button-text\">MAKE AN APPOINTMENT<\/span>\n\t\t\t\t\t<\/span>\n\t\t\t\t\t<\/a>\n\t\t\t\t<\/div>\n\t\t\t\t\t\t\t\t<\/div>\n\t\t\t\t<\/div>\n\t\t\t\t\t<\/div>\n\t\t\t\t<\/div>\n\t\t<div class=\"elementor-element elementor-element-30b8d9b e-flex e-con-boxed e-con e-parent\" data-id=\"30b8d9b\" data-element_type=\"container\" data-e-type=\"container\">\n\t\t\t\t\t<div class=\"e-con-inner\">\n\t\t\t\t<div class=\"elementor-element elementor-element-ea35d4b elementor-widget elementor-widget-html\" data-id=\"ea35d4b\" data-element_type=\"widget\" data-e-type=\"widget\" data-widget_type=\"html.default\">\n\t\t\t\t<div class=\"elementor-widget-container\">\n\t\t\t\t\t<div class=\"telefon-inbound translation-block\">TELEPHONE<br>SERVICE<br>INBOUND<\/div>\r\n\r\n\t\t\t\t<\/div>\n\t\t\t\t<\/div>\n\t\t\t\t<div class=\"elementor-element elementor-element-ea4ee52 elementor-widget elementor-widget-html\" data-id=\"ea4ee52\" data-element_type=\"widget\" data-e-type=\"widget\" data-widget_type=\"html.default\">\n\t\t\t\t<div class=\"elementor-widget-container\">\n\t\t\t\t\t<div class=\"externer-service translation-block\">EXTERNAL<br>OFFICE<br>SERVICE<\/div>\r\n\t\t\t\t<\/div>\n\t\t\t\t<\/div>\n\t\t\t\t<div class=\"elementor-element elementor-element-52831d5 elementor-widget elementor-widget-html\" data-id=\"52831d5\" data-element_type=\"widget\" data-e-type=\"widget\" data-widget_type=\"html.default\">\n\t\t\t\t<div class=\"elementor-widget-container\">\n\t\t\t\t\t<div class=\"neukunden-akquise translation-block\">NEW-<br>CUSTOMER<br>ACQUISITION<\/div>\r\n\t\t\t\t<\/div>\n\t\t\t\t<\/div>\n\t\t\t\t<div class=\"elementor-element elementor-element-62044cf elementor-widget elementor-widget-html\" data-id=\"62044cf\" data-element_type=\"widget\" data-e-type=\"widget\" data-widget_type=\"html.default\">\n\t\t\t\t<div class=\"elementor-widget-container\">\n\t\t\t\t\t<div class=\"kunden-zufriedenheit translation-block\">CUSTOMER<br>SATIS-<br>FACTION<\/div>\r\n\t\t\t\t<\/div>\n\t\t\t\t<\/div>\n\t\t\t\t\t<\/div>\n\t\t\t\t<\/div>\n\t\t<div class=\"elementor-element elementor-element-b15e4e1 e-flex e-con-boxed e-con e-parent\" data-id=\"b15e4e1\" data-element_type=\"container\" data-e-type=\"container\">\n\t\t\t\t\t<div class=\"e-con-inner\">\n\t\t\t\t<div class=\"elementor-element elementor-element-21398480 elementor-widget__width-initial elementor-widget elementor-widget-heading\" data-id=\"21398480\" data-element_type=\"widget\" data-e-type=\"widget\" data-widget_type=\"heading.default\">\n\t\t\t\t<div class=\"elementor-widget-container\">\n\t\t\t\t\t<h2 class=\"elementor-heading-title elementor-size-default\">Our Company<\/h2>\t\t\t\t<\/div>\n\t\t\t\t<\/div>\n\t\t\t\t<div class=\"elementor-element elementor-element-db32de3 elementor-widget elementor-widget-text-editor\" data-id=\"db32de3\" data-element_type=\"widget\" data-e-type=\"widget\" data-widget_type=\"text-editor.default\">\n\t\t\t\t<div class=\"elementor-widget-container\">\n\t\t\t\t\t\t\t\t\t<p data-start=\"353\" data-end=\"440\">People who listen. Solutions that work. And a service that connects.<\/p>\t\t\t\t\t\t\t\t<\/div>\n\t\t\t\t<\/div>\n\t\t\t\t<div class=\"elementor-element elementor-element-be72225 elementor-widget__width-initial elementor-widget elementor-widget-text-editor\" data-id=\"be72225\" data-element_type=\"widget\" data-e-type=\"widget\" data-widget_type=\"text-editor.default\">\n\t\t\t\t<div class=\"elementor-widget-container\">\n\t\t\t\t\t\t\t\t\t<p>Wie aus einer Idee im Jahr 2016 ein solides Unternehmen wurde \u2013 mit Wurzeln in der Marktforschung und Fokus auf echte Kundenn\u00e4he.<\/p>\t\t\t\t\t\t\t\t<\/div>\n\t\t\t\t<\/div>\n\t\t\t\t<div class=\"elementor-element elementor-element-4ffbba1 elementor-mobile-align-left elementor-widget elementor-widget-button\" data-id=\"4ffbba1\" data-element_type=\"widget\" data-e-type=\"widget\" data-widget_type=\"button.default\">\n\t\t\t\t<div class=\"elementor-widget-container\">\n\t\t\t\t\t\t\t\t\t<div class=\"elementor-button-wrapper\">\n\t\t\t\t\t<a class=\"elementor-button elementor-button-link elementor-size-sm\" href=\"https:\/\/nexttop.de\/en\/unternehmen\/\">\n\t\t\t\t\t\t<span class=\"elementor-button-content-wrapper\">\n\t\t\t\t\t\t\t\t\t<span class=\"elementor-button-text\">About Nexttop<\/span>\n\t\t\t\t\t<\/span>\n\t\t\t\t\t<\/a>\n\t\t\t\t<\/div>\n\t\t\t\t\t\t\t\t<\/div>\n\t\t\t\t<\/div>\n\t\t\t\t\t<\/div>\n\t\t\t\t<\/div>\n\t\t<div class=\"elementor-element elementor-element-5f34f61 e-flex e-con-boxed e-con e-parent\" data-id=\"5f34f61\" data-element_type=\"container\" data-e-type=\"container\" data-settings=\"{&quot;background_background&quot;:&quot;classic&quot;}\">\n\t\t\t\t\t<div class=\"e-con-inner\">\n\t\t\t\t<div class=\"elementor-element elementor-element-04b40b0 elementor-widget elementor-widget-text-editor\" data-id=\"04b40b0\" data-element_type=\"widget\" data-e-type=\"widget\" data-widget_type=\"text-editor.default\">\n\t\t\t\t<div class=\"elementor-widget-container\">\n\t\t\t\t\t\t\t\t\t<p>Our vision &amp; mission<\/p>\t\t\t\t\t\t\t\t<\/div>\n\t\t\t\t<\/div>\n\t\t\t\t<div class=\"elementor-element elementor-element-4e15cb9 elementor-widget elementor-widget-text-editor\" data-id=\"4e15cb9\" data-element_type=\"widget\" data-e-type=\"widget\" data-widget_type=\"text-editor.default\">\n\t\t\t\t<div class=\"elementor-widget-container\">\n\t\t\t\t\t\t\t\t\t<p>Was uns antreibt<\/p>\t\t\t\t\t\t\t\t<\/div>\n\t\t\t\t<\/div>\n\t\t\t\t<div class=\"elementor-element elementor-element-0d9a01a elementor-widget__width-initial elementor-widget elementor-widget-text-editor\" data-id=\"0d9a01a\" data-element_type=\"widget\" data-e-type=\"widget\" data-widget_type=\"text-editor.default\">\n\t\t\t\t<div class=\"elementor-widget-container\">\n\t\t\t\t\t\t\t\t\t<p>Was wir erreichen wollen und wie wir arbeiten \u2013 ehrlich, pragmatisch, ohne Buzzword-Akrobatik.<\/p>\t\t\t\t\t\t\t\t<\/div>\n\t\t\t\t<\/div>\n\t\t\t\t<div class=\"elementor-element elementor-element-0c1c49d elementor-mobile-align-left elementor-widget elementor-widget-button\" data-id=\"0c1c49d\" data-element_type=\"widget\" data-e-type=\"widget\" data-widget_type=\"button.default\">\n\t\t\t\t<div class=\"elementor-widget-container\">\n\t\t\t\t\t\t\t\t\t<div class=\"elementor-button-wrapper\">\n\t\t\t\t\t<a class=\"elementor-button elementor-button-link elementor-size-sm\" href=\"https:\/\/nexttop.de\/en\/vision-mission\/\">\n\t\t\t\t\t\t<span class=\"elementor-button-content-wrapper\">\n\t\t\t\t\t\t\t\t\t<span class=\"elementor-button-text\">Vision &amp; Mission<\/span>\n\t\t\t\t\t<\/span>\n\t\t\t\t\t<\/a>\n\t\t\t\t<\/div>\n\t\t\t\t\t\t\t\t<\/div>\n\t\t\t\t<\/div>\n\t\t\t\t\t<\/div>\n\t\t\t\t<\/div>\n\t\t<div class=\"elementor-element elementor-element-f6451f8 e-flex e-con-boxed e-con e-parent\" data-id=\"f6451f8\" data-element_type=\"container\" data-e-type=\"container\" data-settings=\"{&quot;background_background&quot;:&quot;classic&quot;}\">\n\t\t\t\t\t<div class=\"e-con-inner\">\n\t\t\t\t<div class=\"elementor-element elementor-element-8f81ceb elementor-widget elementor-widget-text-editor\" data-id=\"8f81ceb\" data-element_type=\"widget\" data-e-type=\"widget\" data-widget_type=\"text-editor.default\">\n\t\t\t\t<div class=\"elementor-widget-container\">\n\t\t\t\t\t\t\t\t\t<p>Values &amp; corporate culture<\/p>\t\t\t\t\t\t\t\t<\/div>\n\t\t\t\t<\/div>\n\t\t\t\t<div class=\"elementor-element elementor-element-e1775d3 elementor-widget elementor-widget-text-editor\" data-id=\"e1775d3\" data-element_type=\"widget\" data-e-type=\"widget\" data-widget_type=\"text-editor.default\">\n\t\t\t\t<div class=\"elementor-widget-container\">\n\t\t\t\t\t\t\t\t\t<p>wie wir ticken<\/p>\t\t\t\t\t\t\t\t<\/div>\n\t\t\t\t<\/div>\n\t\t\t\t<div class=\"elementor-element elementor-element-10ca2ef elementor-widget__width-initial elementor-widget elementor-widget-text-editor\" data-id=\"10ca2ef\" data-element_type=\"widget\" data-e-type=\"widget\" data-widget_type=\"text-editor.default\">\n\t\t\t\t<div class=\"elementor-widget-container\">\n\t\t\t\t\t\t\t\t\t<p>Vertrauen, Offenheit, Zusammenhalt \u2013 klingt nach Standard-Floskeln, ist bei uns aber gelebte Realit\u00e4t.<\/p>\t\t\t\t\t\t\t\t<\/div>\n\t\t\t\t<\/div>\n\t\t\t\t<div class=\"elementor-element elementor-element-3f8b626 elementor-mobile-align-left elementor-widget elementor-widget-button\" data-id=\"3f8b626\" data-element_type=\"widget\" data-e-type=\"widget\" data-widget_type=\"button.default\">\n\t\t\t\t<div class=\"elementor-widget-container\">\n\t\t\t\t\t\t\t\t\t<div class=\"elementor-button-wrapper\">\n\t\t\t\t\t<a class=\"elementor-button elementor-button-link elementor-size-sm\" href=\"https:\/\/nexttop.de\/en\/werte-kultur\/\">\n\t\t\t\t\t\t<span class=\"elementor-button-content-wrapper\">\n\t\t\t\t\t\t\t\t\t<span class=\"elementor-button-text\">Values &amp; Culture<\/span>\n\t\t\t\t\t<\/span>\n\t\t\t\t\t<\/a>\n\t\t\t\t<\/div>\n\t\t\t\t\t\t\t\t<\/div>\n\t\t\t\t<\/div>\n\t\t\t\t\t<\/div>\n\t\t\t\t<\/div>\n\t\t<div class=\"elementor-element elementor-element-dd076ef e-flex e-con-boxed e-con e-parent\" data-id=\"dd076ef\" data-element_type=\"container\" data-e-type=\"container\" data-settings=\"{&quot;background_background&quot;:&quot;classic&quot;}\">\n\t\t\t\t\t<div class=\"e-con-inner\">\n\t\t\t\t<div class=\"elementor-element elementor-element-29b7e65 elementor-widget elementor-widget-text-editor\" data-id=\"29b7e65\" data-element_type=\"widget\" data-e-type=\"widget\" data-widget_type=\"text-editor.default\">\n\t\t\t\t<div class=\"elementor-widget-container\">\n\t\t\t\t\t\t\t\t\t<p>our Team<\/p>\t\t\t\t\t\t\t\t<\/div>\n\t\t\t\t<\/div>\n\t\t\t\t<div class=\"elementor-element elementor-element-b47fcdb elementor-widget elementor-widget-text-editor\" data-id=\"b47fcdb\" data-element_type=\"widget\" data-e-type=\"widget\" data-widget_type=\"text-editor.default\">\n\t\t\t\t<div class=\"elementor-widget-container\">\n\t\t\t\t\t\t\t\t\t<p>Die Gesichter zu den Stimmen<\/p>\t\t\t\t\t\t\t\t<\/div>\n\t\t\t\t<\/div>\n\t\t\t\t<div class=\"elementor-element elementor-element-127c8b1 elementor-widget__width-initial elementor-widget elementor-widget-text-editor\" data-id=\"127c8b1\" data-element_type=\"widget\" data-e-type=\"widget\" data-widget_type=\"text-editor.default\">\n\t\t\t\t<div class=\"elementor-widget-container\">\n\t\t\t\t\t\t\t\t\t<p>Lernen Sie die Menschen kennen, mit denen Sie zusammenarbeiten werden \u2013 keine anonymen Agenten, sondern echte Pers\u00f6nlichkeiten.<\/p>\t\t\t\t\t\t\t\t<\/div>\n\t\t\t\t<\/div>\n\t\t\t\t<div class=\"elementor-element elementor-element-7b8b1ca elementor-mobile-align-left elementor-widget elementor-widget-button\" data-id=\"7b8b1ca\" data-element_type=\"widget\" data-e-type=\"widget\" data-widget_type=\"button.default\">\n\t\t\t\t<div class=\"elementor-widget-container\">\n\t\t\t\t\t\t\t\t\t<div class=\"elementor-button-wrapper\">\n\t\t\t\t\t<a class=\"elementor-button elementor-button-link elementor-size-sm\" href=\"https:\/\/nexttop.de\/en\/team\/\">\n\t\t\t\t\t\t<span class=\"elementor-button-content-wrapper\">\n\t\t\t\t\t\t\t\t\t<span class=\"elementor-button-text\">TEAM<\/span>\n\t\t\t\t\t<\/span>\n\t\t\t\t\t<\/a>\n\t\t\t\t<\/div>\n\t\t\t\t\t\t\t\t<\/div>\n\t\t\t\t<\/div>\n\t\t\t\t\t<\/div>\n\t\t\t\t<\/div>\n\t\t<div class=\"elementor-element elementor-element-28b8c1f4 e-flex e-con-boxed e-con e-parent\" data-id=\"28b8c1f4\" data-element_type=\"container\" data-e-type=\"container\">\n\t\t\t\t\t<div class=\"e-con-inner\">\n\t\t\t\t<div class=\"elementor-element elementor-element-e9c9d17 elementor-widget__width-initial elementor-widget elementor-widget-text-editor\" data-id=\"e9c9d17\" data-element_type=\"widget\" data-e-type=\"widget\" data-widget_type=\"text-editor.default\">\n\t\t\t\t<div class=\"elementor-widget-container\">\n\t\t\t\t\t\t\t\t\t<p>AT NEXTTOP, IT'S NOT JUST WHAT WE DO THAT COUNTS - IT'S HOW WE DO IT: PERSONALLY, OPENLY AND RELIABLY.<\/p>\t\t\t\t\t\t\t\t<\/div>\n\t\t\t\t<\/div>\n\t\t\t\t<div class=\"elementor-element elementor-element-52d67d19 elementor-widget__width-initial elementor-widget elementor-widget-button\" data-id=\"52d67d19\" data-element_type=\"widget\" data-e-type=\"widget\" data-widget_type=\"button.default\">\n\t\t\t\t<div class=\"elementor-widget-container\">\n\t\t\t\t\t\t\t\t\t<div class=\"elementor-button-wrapper\">\n\t\t\t\t\t<a class=\"elementor-button elementor-button-link elementor-size-sm\" href=\"#elementor-action%3Aaction%3Dpopup%3Aopen%26settings%3DeyJpZCI6IjE3MTAiLCJ0b2dnbGUiOmZhbHNlfQ%3D%3D\">\n\t\t\t\t\t\t<span class=\"elementor-button-content-wrapper\">\n\t\t\t\t\t\t\t\t\t<span class=\"elementor-button-text\">GET CONSULTED NOW!<\/span>\n\t\t\t\t\t<\/span>\n\t\t\t\t\t<\/a>\n\t\t\t\t<\/div>\n\t\t\t\t\t\t\t\t<\/div>\n\t\t\t\t<\/div>\n\t\t\t\t\t<\/div>\n\t\t\t\t<\/div>\n\t\t\t\t<\/div>","protected":false},"excerpt":{"rendered":"<p>WER WIR SIND \u2013 UND WARUM DAS Z\u00c4HLT nexttop: ihr pers\u00f6nlicher Telefon- &amp; B\u00fcroservice Willkommen bei Nexttop \u2013 Ihrem Ansprechpartner [&hellip;]<\/p>\n","protected":false},"author":3,"featured_media":0,"parent":0,"menu_order":2,"comment_status":"closed","ping_status":"closed","template":"","meta":{"site-sidebar-layout":"no-sidebar","site-content-layout":"","ast-site-content-layout":"full-width-container","site-content-style":"default","site-sidebar-style":"default","ast-global-header-display":"","ast-banner-title-visibility":"","ast-main-header-display":"","ast-hfb-above-header-display":"","ast-hfb-below-header-display":"","ast-hfb-mobile-header-display":"","site-post-title":"disabled","ast-breadcrumbs-content":"","ast-featured-img":"disabled","footer-sml-layout":"","ast-disable-related-posts":"","theme-transparent-header-meta":"","adv-header-id-meta":"","stick-header-meta":"","header-above-stick-meta":"","header-main-stick-meta":"","header-below-stick-meta":"","astra-migrate-meta-layouts":"default","ast-page-background-enabled":"default","ast-page-background-meta":{"desktop":{"background-color":"var(--ast-global-color-5)","background-image":"","background-repeat":"repeat","background-position":"center center","background-size":"auto","background-attachment":"scroll","background-type":"","background-media":"","overlay-type":"","overlay-color":"","overlay-opacity":"","overlay-gradient":""},"tablet":{"background-color":"","background-image":"","background-repeat":"repeat","background-position":"center center","background-size":"auto","background-attachment":"scroll","background-type":"","background-media":"","overlay-type":"","overlay-color":"","overlay-opacity":"","overlay-gradient":""},"mobile":{"background-color":"","background-image":"","background-repeat":"repeat","background-position":"center center","background-size":"auto","background-attachment":"scroll","background-type":"","background-media":"","overlay-type":"","overlay-color":"","overlay-opacity":"","overlay-gradient":""}},"ast-content-background-meta":{"desktop":{"background-color":"var(--ast-global-color-4)","background-image":"","background-repeat":"repeat","background-position":"center center","background-size":"auto","background-attachment":"scroll","background-type":"","background-media":"","overlay-type":"","overlay-color":"","overlay-opacity":"","overlay-gradient":""},"tablet":{"background-color":"var(--ast-global-color-4)","background-image":"","background-repeat":"repeat","background-position":"center center","background-size":"auto","background-attachment":"scroll","background-type":"","background-media":"","overlay-type":"","overlay-color":"","overlay-opacity":"","overlay-gradient":""},"mobile":{"background-color":"var(--ast-global-color-4)","background-image":"","background-repeat":"repeat","background-position":"center center","background-size":"auto","background-attachment":"scroll","background-type":"","background-media":"","overlay-type":"","overlay-color":"","overlay-opacity":"","overlay-gradient":""}},"footnotes":""},"class_list":["post-3259","page","type-page","status-publish","hentry"],"yoast_head":"<!-- This site is optimized with the Yoast SEO plugin v27.4 - https:\/\/yoast.com\/product\/yoast-seo-wordpress\/ -->\n<title>\u00dcber Uns - Nexttop GmbH %<\/title>\n<meta name=\"description\" content=\"Nexttop Telefonservice &amp; B\u00fcroservice: Leadgenerierung, Kundenbefragungen. Pers\u00f6nlich, modern &amp; regional \u2013 wir geben Stimmen ein Gesicht.\" \/>\n<meta name=\"robots\" content=\"index, follow, max-snippet:-1, max-image-preview:large, max-video-preview:-1\" \/>\n<link rel=\"canonical\" href=\"https:\/\/nexttop.de\/en\/ueber-uns\/\" \/>\n<meta property=\"og:locale\" content=\"en_GB\" \/>\n<meta property=\"og:type\" content=\"article\" \/>\n<meta property=\"og:title\" content=\"\u00dcber Uns - Nexttop GmbH %\" \/>\n<meta property=\"og:description\" content=\"Nexttop Telefonservice &amp; B\u00fcroservice: Leadgenerierung, Kundenbefragungen. Pers\u00f6nlich, modern &amp; regional \u2013 wir geben Stimmen ein Gesicht.\" \/>\n<meta property=\"og:url\" content=\"https:\/\/nexttop.de\/en\/ueber-uns\/\" \/>\n<meta property=\"og:site_name\" content=\"Nexttop GmbH\" \/>\n<meta property=\"article:modified_time\" content=\"2026-02-12T10:52:51+00:00\" \/>\n<meta name=\"twitter:card\" content=\"summary_large_image\" \/>\n<meta name=\"twitter:label1\" content=\"Estimated reading time\" \/>\n\t<meta name=\"twitter:data1\" content=\"1 minute\" \/>\n<script type=\"application\/ld+json\" class=\"yoast-schema-graph\">{\"@context\":\"https:\\\/\\\/schema.org\",\"@graph\":[{\"@type\":\"WebPage\",\"@id\":\"https:\\\/\\\/nexttop.de\\\/ueber-uns-nexttop-telefonservice-bueroservice\\\/\",\"url\":\"https:\\\/\\\/nexttop.de\\\/ueber-uns\\\/\",\"name\":\"\u00dcber Uns - Nexttop GmbH %\",\"isPartOf\":{\"@id\":\"https:\\\/\\\/nexttop.de\\\/#website\"},\"datePublished\":\"2025-05-23T13:59:28+00:00\",\"dateModified\":\"2026-02-12T10:52:51+00:00\",\"description\":\"Nexttop Telefonservice & B\u00fcroservice: Leadgenerierung, Kundenbefragungen. Pers\u00f6nlich, modern & regional \u2013 wir geben Stimmen ein Gesicht.\",\"breadcrumb\":{\"@id\":\"https:\\\/\\\/nexttop.de\\\/ueber-uns\\\/#breadcrumb\"},\"inLanguage\":\"en-GB\",\"potentialAction\":[{\"@type\":\"ReadAction\",\"target\":[\"https:\\\/\\\/nexttop.de\\\/ueber-uns\\\/\"]}]},{\"@type\":\"BreadcrumbList\",\"@id\":\"https:\\\/\\\/nexttop.de\\\/ueber-uns\\\/#breadcrumb\",\"itemListElement\":[{\"@type\":\"ListItem\",\"position\":1,\"name\":\"Startseite\",\"item\":\"https:\\\/\\\/nexttop.de\\\/\"},{\"@type\":\"ListItem\",\"position\":2,\"name\":\"\u00dcber uns\"}]},{\"@type\":\"WebSite\",\"@id\":\"https:\\\/\\\/nexttop.de\\\/#website\",\"url\":\"https:\\\/\\\/nexttop.de\\\/\",\"name\":\"Nexttop GmbH\",\"description\":\"Telefonservice, B\u00fcroservice und Kundenzufriedenheit\",\"publisher\":{\"@id\":\"https:\\\/\\\/nexttop.de\\\/#organization\"},\"potentialAction\":[{\"@type\":\"SearchAction\",\"target\":{\"@type\":\"EntryPoint\",\"urlTemplate\":\"https:\\\/\\\/nexttop.de\\\/?s={search_term_string}\"},\"query-input\":{\"@type\":\"PropertyValueSpecification\",\"valueRequired\":true,\"valueName\":\"search_term_string\"}}],\"inLanguage\":\"en-GB\"},{\"@type\":\"Organization\",\"@id\":\"https:\\\/\\\/nexttop.de\\\/#organization\",\"name\":\"Nexttop GmbH\",\"url\":\"https:\\\/\\\/nexttop.de\\\/\",\"logo\":{\"@type\":\"ImageObject\",\"inLanguage\":\"en-GB\",\"@id\":\"https:\\\/\\\/nexttop.de\\\/#\\\/schema\\\/logo\\\/image\\\/\",\"url\":\"https:\\\/\\\/nexttop.de\\\/wp-content\\\/uploads\\\/2025\\\/02\\\/Nexttop_Logo_Monochrome_RGB.png\",\"contentUrl\":\"https:\\\/\\\/nexttop.de\\\/wp-content\\\/uploads\\\/2025\\\/02\\\/Nexttop_Logo_Monochrome_RGB.png\",\"width\":394,\"height\":146,\"caption\":\"Nexttop GmbH\"},\"image\":{\"@id\":\"https:\\\/\\\/nexttop.de\\\/#\\\/schema\\\/logo\\\/image\\\/\"}}]}<\/script>\n<!-- \/ Yoast SEO plugin. -->","yoast_head_json":{"title":"\u00dcber Uns - Nexttop GmbH %","description":"Nexttop Telefonservice & B\u00fcroservice: Leadgenerierung, Kundenbefragungen. Pers\u00f6nlich, modern & regional \u2013 wir geben Stimmen ein Gesicht.","robots":{"index":"index","follow":"follow","max-snippet":"max-snippet:-1","max-image-preview":"max-image-preview:large","max-video-preview":"max-video-preview:-1"},"canonical":"https:\/\/nexttop.de\/en\/ueber-uns\/","og_locale":"en_GB","og_type":"article","og_title":"\u00dcber Uns - Nexttop GmbH %","og_description":"Nexttop Telefonservice & B\u00fcroservice: Leadgenerierung, Kundenbefragungen. Pers\u00f6nlich, modern & regional \u2013 wir geben Stimmen ein Gesicht.","og_url":"https:\/\/nexttop.de\/en\/ueber-uns\/","og_site_name":"Nexttop GmbH","article_modified_time":"2026-02-12T10:52:51+00:00","twitter_card":"summary_large_image","twitter_misc":{"Estimated reading time":"1 minute"},"schema":{"@context":"https:\/\/schema.org","@graph":[{"@type":"WebPage","@id":"https:\/\/nexttop.de\/ueber-uns-nexttop-telefonservice-bueroservice\/","url":"https:\/\/nexttop.de\/ueber-uns\/","name":"\u00dcber Uns - Nexttop GmbH %","isPartOf":{"@id":"https:\/\/nexttop.de\/#website"},"datePublished":"2025-05-23T13:59:28+00:00","dateModified":"2026-02-12T10:52:51+00:00","description":"Nexttop Telefonservice & B\u00fcroservice: Leadgenerierung, Kundenbefragungen. Pers\u00f6nlich, modern & regional \u2013 wir geben Stimmen ein Gesicht.","breadcrumb":{"@id":"https:\/\/nexttop.de\/ueber-uns\/#breadcrumb"},"inLanguage":"en-GB","potentialAction":[{"@type":"ReadAction","target":["https:\/\/nexttop.de\/ueber-uns\/"]}]},{"@type":"BreadcrumbList","@id":"https:\/\/nexttop.de\/ueber-uns\/#breadcrumb","itemListElement":[{"@type":"ListItem","position":1,"name":"Startseite","item":"https:\/\/nexttop.de\/"},{"@type":"ListItem","position":2,"name":"\u00dcber uns"}]},{"@type":"WebSite","@id":"https:\/\/nexttop.de\/#website","url":"https:\/\/nexttop.de\/","name":"Nexttop GmbH","description":"Telefonservice, B\u00fcroservice und Kundenzufriedenheit","publisher":{"@id":"https:\/\/nexttop.de\/#organization"},"potentialAction":[{"@type":"SearchAction","target":{"@type":"EntryPoint","urlTemplate":"https:\/\/nexttop.de\/?s={search_term_string}"},"query-input":{"@type":"PropertyValueSpecification","valueRequired":true,"valueName":"search_term_string"}}],"inLanguage":"en-GB"},{"@type":"Organization","@id":"https:\/\/nexttop.de\/#organization","name":"Nexttop GmbH","url":"https:\/\/nexttop.de\/","logo":{"@type":"ImageObject","inLanguage":"en-GB","@id":"https:\/\/nexttop.de\/#\/schema\/logo\/image\/","url":"https:\/\/nexttop.de\/wp-content\/uploads\/2025\/02\/Nexttop_Logo_Monochrome_RGB.png","contentUrl":"https:\/\/nexttop.de\/wp-content\/uploads\/2025\/02\/Nexttop_Logo_Monochrome_RGB.png","width":394,"height":146,"caption":"Nexttop GmbH"},"image":{"@id":"https:\/\/nexttop.de\/#\/schema\/logo\/image\/"}}]}},"jetpack_sharing_enabled":true,"_links":{"self":[{"href":"https:\/\/nexttop.de\/en\/wp-json\/wp\/v2\/pages\/3259","targetHints":{"allow":["GET"]}}],"collection":[{"href":"https:\/\/nexttop.de\/en\/wp-json\/wp\/v2\/pages"}],"about":[{"href":"https:\/\/nexttop.de\/en\/wp-json\/wp\/v2\/types\/page"}],"author":[{"embeddable":true,"href":"https:\/\/nexttop.de\/en\/wp-json\/wp\/v2\/users\/3"}],"replies":[{"embeddable":true,"href":"https:\/\/nexttop.de\/en\/wp-json\/wp\/v2\/comments?post=3259"}],"version-history":[{"count":61,"href":"https:\/\/nexttop.de\/en\/wp-json\/wp\/v2\/pages\/3259\/revisions"}],"predecessor-version":[{"id":4579,"href":"https:\/\/nexttop.de\/en\/wp-json\/wp\/v2\/pages\/3259\/revisions\/4579"}],"wp:attachment":[{"href":"https:\/\/nexttop.de\/en\/wp-json\/wp\/v2\/media?parent=3259"}],"curies":[{"name":"wp","href":"https:\/\/api.w.org\/{rel}","templated":true}]}}