{"id":684,"date":"2025-04-29T12:36:30","date_gmt":"2025-04-29T12:36:30","guid":{"rendered":"https:\/\/nexttop.de\/?page_id=684"},"modified":"2026-02-12T14:30:41","modified_gmt":"2026-02-12T14:30:41","slug":"vision-mission","status":"publish","type":"page","link":"https:\/\/nexttop.de\/en\/vision-mission\/","title":{"rendered":"Vision &amp; Mission"},"content":{"rendered":"<div data-elementor-type=\"wp-page\" data-elementor-id=\"684\" class=\"elementor elementor-684\" data-elementor-post-type=\"page\">\n\t\t\t\t<div class=\"elementor-element elementor-element-7b53ba3b e-flex e-con-boxed e-con e-parent\" data-id=\"7b53ba3b\" data-element_type=\"container\" data-e-type=\"container\" data-settings=\"{&quot;background_background&quot;:&quot;classic&quot;}\">\n\t\t\t\t\t<div class=\"e-con-inner\">\n\t\t<div class=\"elementor-element elementor-element-2c304a0 e-con-full e-flex e-con e-child\" data-id=\"2c304a0\" data-element_type=\"container\" data-e-type=\"container\">\n\t\t\t\t<div class=\"elementor-element elementor-element-293339af elementor-widget-tablet__width-initial elementor-widget elementor-widget-heading\" data-id=\"293339af\" data-element_type=\"widget\" data-e-type=\"widget\" data-widget_type=\"heading.default\">\n\t\t\t\t<div class=\"elementor-widget-container\">\n\t\t\t\t\t<h2 class=\"elementor-heading-title elementor-size-default\">WHAT WE STAND FOR<\/h2>\t\t\t\t<\/div>\n\t\t\t\t<\/div>\n\t\t\t\t<div class=\"elementor-element elementor-element-40716198 elementor-widget-tablet__width-initial elementor-widget elementor-widget-text-editor\" data-id=\"40716198\" data-element_type=\"widget\" data-e-type=\"widget\" data-widget_type=\"text-editor.default\">\n\t\t\t\t<div class=\"elementor-widget-container\">\n\t\t\t\t\t\t\t\t\t<h1>OUR VISION &amp; MISSION<\/h1>\t\t\t\t\t\t\t\t<\/div>\n\t\t\t\t<\/div>\n\t\t\t\t<div class=\"elementor-element elementor-element-39d2a8f0 elementor-widget__width-initial elementor-widget elementor-widget-text-editor\" data-id=\"39d2a8f0\" data-element_type=\"widget\" data-e-type=\"widget\" data-widget_type=\"text-editor.default\">\n\t\t\t\t<div class=\"elementor-widget-container\">\n\t\t\t\t\t\t\t\t\t<p>At Nexttop, we believe in real connections and customised solutions. Our vision and mission are the foundation of our actions - personal, flexible and always close to the customer.<\/p>\t\t\t\t\t\t\t\t<\/div>\n\t\t\t\t<\/div>\n\t\t\t\t<\/div>\n\t\t\t\t<div class=\"elementor-element elementor-element-2c71f5c1 elementor-widget-tablet__width-initial elementor-widget elementor-widget-button\" data-id=\"2c71f5c1\" data-element_type=\"widget\" data-e-type=\"widget\" data-widget_type=\"button.default\">\n\t\t\t\t<div class=\"elementor-widget-container\">\n\t\t\t\t\t\t\t\t\t<div class=\"elementor-button-wrapper\">\n\t\t\t\t\t<a class=\"elementor-button elementor-button-link elementor-size-sm\" href=\"#elementor-action%3Aaction%3Dpopup%3Aopen%26settings%3DeyJpZCI6IjE3MTAiLCJ0b2dnbGUiOmZhbHNlfQ%3D%3D\">\n\t\t\t\t\t\t<span class=\"elementor-button-content-wrapper\">\n\t\t\t\t\t\t\t\t\t<span class=\"elementor-button-text\">MAKE AN APPOINTMENT<\/span>\n\t\t\t\t\t<\/span>\n\t\t\t\t\t<\/a>\n\t\t\t\t<\/div>\n\t\t\t\t\t\t\t\t<\/div>\n\t\t\t\t<\/div>\n\t\t\t\t\t<\/div>\n\t\t\t\t<\/div>\n\t\t<div class=\"elementor-element elementor-element-a438859 e-flex e-con-boxed e-con e-parent\" data-id=\"a438859\" data-element_type=\"container\" data-e-type=\"container\">\n\t\t\t\t\t<div class=\"e-con-inner\">\n\t\t\t\t<div class=\"elementor-element elementor-element-29e7af5 elementor-widget elementor-widget-html\" data-id=\"29e7af5\" data-element_type=\"widget\" data-e-type=\"widget\" data-widget_type=\"html.default\">\n\t\t\t\t<div class=\"elementor-widget-container\">\n\t\t\t\t\t<div class=\"telefon-inbound translation-block\">TELEPHONE<br>SERVICE<br>INBOUND<\/div>\r\n\r\n\t\t\t\t<\/div>\n\t\t\t\t<\/div>\n\t\t\t\t<div class=\"elementor-element elementor-element-b679a29 elementor-widget elementor-widget-html\" data-id=\"b679a29\" data-element_type=\"widget\" data-e-type=\"widget\" data-widget_type=\"html.default\">\n\t\t\t\t<div class=\"elementor-widget-container\">\n\t\t\t\t\t<div class=\"externer-service translation-block\">EXTERNAL<br>OFFICE<br>SERVICE<\/div>\r\n\t\t\t\t<\/div>\n\t\t\t\t<\/div>\n\t\t\t\t<div class=\"elementor-element elementor-element-2f2e5c6 elementor-widget elementor-widget-html\" data-id=\"2f2e5c6\" data-element_type=\"widget\" data-e-type=\"widget\" data-widget_type=\"html.default\">\n\t\t\t\t<div class=\"elementor-widget-container\">\n\t\t\t\t\t<div class=\"neukunden-akquise translation-block\">NEW-<br>CUSTOMER<br>ACQUISITION<\/div>\r\n\t\t\t\t<\/div>\n\t\t\t\t<\/div>\n\t\t\t\t<div class=\"elementor-element elementor-element-652ab35 elementor-widget elementor-widget-html\" data-id=\"652ab35\" data-element_type=\"widget\" data-e-type=\"widget\" data-widget_type=\"html.default\">\n\t\t\t\t<div class=\"elementor-widget-container\">\n\t\t\t\t\t<div class=\"kunden-zufriedenheit translation-block\">CUSTOMER<br>SATIS-<br>FACTION<\/div>\r\n\t\t\t\t<\/div>\n\t\t\t\t<\/div>\n\t\t\t\t\t<\/div>\n\t\t\t\t<\/div>\n\t\t<div class=\"elementor-element elementor-element-f17e95e e-flex e-con-boxed e-con e-parent\" data-id=\"f17e95e\" data-element_type=\"container\" data-e-type=\"container\">\n\t\t\t\t\t<div class=\"e-con-inner\">\n\t\t<div class=\"elementor-element elementor-element-aafb709 e-con-full e-flex e-con e-child\" data-id=\"aafb709\" data-element_type=\"container\" data-e-type=\"container\">\n\t\t\t\t<div class=\"elementor-element elementor-element-a7f4a03 elementor-widget__width-initial elementor-widget elementor-widget-heading\" data-id=\"a7f4a03\" data-element_type=\"widget\" data-e-type=\"widget\" data-widget_type=\"heading.default\">\n\t\t\t\t<div class=\"elementor-widget-container\">\n\t\t\t\t\t<h2 class=\"elementor-heading-title elementor-size-default\">OUR DRIVE:<\/h2>\t\t\t\t<\/div>\n\t\t\t\t<\/div>\n\t\t\t\t<div class=\"elementor-element elementor-element-1722cf3 elementor-widget__width-initial elementor-widget elementor-widget-text-editor\" data-id=\"1722cf3\" data-element_type=\"widget\" data-e-type=\"widget\" data-widget_type=\"text-editor.default\">\n\t\t\t\t<div class=\"elementor-widget-container\">\n\t\t\t\t\t\t\t\t\t<p>PERSONALISED SERVICE WITH ADDED VALUE<\/p>\t\t\t\t\t\t\t\t<\/div>\n\t\t\t\t<\/div>\n\t\t\t\t<div class=\"elementor-element elementor-element-882af45 elementor-widget__width-initial elementor-widget elementor-widget-text-editor\" data-id=\"882af45\" data-element_type=\"widget\" data-e-type=\"widget\" data-widget_type=\"text-editor.default\">\n\t\t\t\t<div class=\"elementor-widget-container\">\n\t\t\t\t\t\t\t\t\t<p>We want companies to have professional availability without having to set up their own telephone switchboard. Many medium-sized companies, craft businesses, and service providers struggle with the same problem: they need someone to answer the phone, make appointments, and respond to customer inquiries\u2014but a full-time position is not worthwhile, or they simply cannot find anyone in the depleted labor market.<\/p><p>The \u201canswering machine\u201d or \u201cvoicemail\u201d solution is not a real solution. Customers call because they want an answer now\u2014not in three hours when you call them back. And often they don't call back at all, but call your competitors instead.<\/p><p>That's exactly where we want to start. Not as a faceless service provider that just answers phones and takes notes, but as a partner who understands how your business works, what your customers need, and how to communicate professionally\u2014without sounding stiff. Our goal is not to become the largest telephone service provider in Germany.<\/p><p>Our goal is to be the best for the companies that work with us. We would rather have 50 satisfied customers than 500 mediocre ones.<\/p>\t\t\t\t\t\t\t\t<\/div>\n\t\t\t\t<\/div>\n\t\t\t\t<\/div>\n\t\t<div class=\"elementor-element elementor-element-349537e e-con-full e-flex e-con e-child\" data-id=\"349537e\" data-element_type=\"container\" data-e-type=\"container\">\n\t\t\t\t<div class=\"elementor-element elementor-element-3691e91 elementor-widget__width-initial elementor-widget elementor-widget-heading\" data-id=\"3691e91\" data-element_type=\"widget\" data-e-type=\"widget\" data-widget_type=\"heading.default\">\n\t\t\t\t<div class=\"elementor-widget-container\">\n\t\t\t\t\t<h2 class=\"elementor-heading-title elementor-size-default\">OUR MISSION:<\/h2>\t\t\t\t<\/div>\n\t\t\t\t<\/div>\n\t\t\t\t<div class=\"elementor-element elementor-element-cc574b9 elementor-widget__width-initial elementor-widget elementor-widget-text-editor\" data-id=\"cc574b9\" data-element_type=\"widget\" data-e-type=\"widget\" data-widget_type=\"text-editor.default\">\n\t\t\t\t<div class=\"elementor-widget-container\">\n\t\t\t\t\t\t\t\t\t<p>SUPPORT THAT REALLY GETS THROUGH<\/p>\t\t\t\t\t\t\t\t<\/div>\n\t\t\t\t<\/div>\n\t\t\t\t<div class=\"elementor-element elementor-element-0c10bde elementor-widget__width-initial elementor-widget elementor-widget-text-editor\" data-id=\"0c10bde\" data-element_type=\"widget\" data-e-type=\"widget\" data-widget_type=\"text-editor.default\">\n\t\t\t\t<div class=\"elementor-widget-container\">\n\t\t\t\t\t\t\t\t\t<p>Every day, we make sure that our customers are reachable\u2014even if they are visiting a customer, working in production, or simply don't have time to answer the phone. We take calls, make appointments, contact new customers, and survey existing customers about their satisfaction. Everything related to communication on the phone.<\/p><p>In doing so, we try to combine three things:<\/p><p class=\"translation-block\"><strong>1. Professionalism<\/strong><br>We don't do this on the side. We have trained employees, clear processes, and modern technology. When we say we are available, we are available.<\/p><p class=\"translation-block\"><strong>2. Humanity<\/strong><br>No one wants to talk to a robot. Our employees listen, think for themselves, and respond flexibly. No scripted zombie mode.<\/p><p class=\"translation-block\"><strong>3. Honesty<\/strong><br>If we can't do something, we say so. If we're not the right people for a project, we refer you elsewhere. Better no collaboration than a bad one.<\/p>\t\t\t\t\t\t\t\t<\/div>\n\t\t\t\t<\/div>\n\t\t\t\t<\/div>\n\t\t\t\t\t<\/div>\n\t\t\t\t<\/div>\n\t\t<div class=\"elementor-element elementor-element-29c27c3 e-flex e-con-boxed e-con e-parent\" data-id=\"29c27c3\" data-element_type=\"container\" data-e-type=\"container\">\n\t\t\t\t\t<div class=\"e-con-inner\">\n\t\t\t\t<div class=\"elementor-element elementor-element-d6e46f7 elementor-widget__width-initial elementor-widget elementor-widget-heading\" data-id=\"d6e46f7\" data-element_type=\"widget\" data-e-type=\"widget\" data-widget_type=\"heading.default\">\n\t\t\t\t<div class=\"elementor-widget-container\">\n\t\t\t\t\t<h2 class=\"elementor-heading-title elementor-size-default\">What we don't want<\/h2>\t\t\t\t<\/div>\n\t\t\t\t<\/div>\n\t\t\t\t<div class=\"elementor-element elementor-element-f568b3c elementor-widget__width-inherit elementor-widget elementor-widget-text-editor\" data-id=\"f568b3c\" data-element_type=\"widget\" data-e-type=\"widget\" data-widget_type=\"text-editor.default\">\n\t\t\t\t<div class=\"elementor-widget-container\">\n\t\t\t\t\t\t\t\t\t<p>SUPPORT THAT REALLY GETS THROUGH<\/p>\t\t\t\t\t\t\t\t<\/div>\n\t\t\t\t<\/div>\n\t\t\t\t<div class=\"elementor-element elementor-element-7964fd3 elementor-widget__width-initial elementor-widget elementor-widget-text-editor\" data-id=\"7964fd3\" data-element_type=\"widget\" data-e-type=\"widget\" data-widget_type=\"text-editor.default\">\n\t\t\t\t<div class=\"elementor-widget-container\">\n\t\t\t\t\t\t\t\t\t<p>Just as important as what we are is what we don't want to be: not an anonymous large call center with different contact persons every week. Not a cheap mass provider that works at dumping prices\u2014quality has its price. Not a standard script reader who recites the same thing to every customer, whether it fits or not. And certainly not a sales team that uses aggressive tricks. We do outbound acquisition, yes \u2013 but with decency.<\/p>\t\t\t\t\t\t\t\t<\/div>\n\t\t\t\t<\/div>\n\t\t\t\t\t<\/div>\n\t\t\t\t<\/div>\n\t\t<div class=\"elementor-element elementor-element-2c81fd1 e-flex e-con-boxed e-con e-parent\" data-id=\"2c81fd1\" data-element_type=\"container\" data-e-type=\"container\">\n\t\t\t\t\t<div class=\"e-con-inner\">\n\t\t<div class=\"elementor-element elementor-element-0d24c81 e-con-full e-flex e-con e-child\" data-id=\"0d24c81\" data-element_type=\"container\" data-e-type=\"container\">\n\t\t<div class=\"elementor-element elementor-element-5d67c91 e-con-full e-flex e-con e-child\" data-id=\"5d67c91\" data-element_type=\"container\" data-e-type=\"container\" data-settings=\"{&quot;background_background&quot;:&quot;classic&quot;}\">\n\t\t\t\t<div class=\"elementor-element elementor-element-7447ad6 elementor-widget__width-initial elementor-widget elementor-widget-text-editor\" data-id=\"7447ad6\" data-element_type=\"widget\" data-e-type=\"widget\" data-widget_type=\"text-editor.default\">\n\t\t\t\t<div class=\"elementor-widget-container\">\n\t\t\t\t\t\t\t\t\t<p>AT NEXTTOP, IT'S NOT JUST WHAT WE DO THAT COUNTS -<br \/>IT'S HOW WE DO IT: PERSONAL, OPEN, AND COMMITTED.<\/p>\t\t\t\t\t\t\t\t<\/div>\n\t\t\t\t<\/div>\n\t\t\t\t<div class=\"elementor-element elementor-element-bb5c6cc elementor-widget__width-initial elementor-widget elementor-widget-text-editor\" data-id=\"bb5c6cc\" data-element_type=\"widget\" data-e-type=\"widget\" data-widget_type=\"text-editor.default\">\n\t\t\t\t<div class=\"elementor-widget-container\">\n\t\t\t\t\t\t\t\t\tGet advice now and get to know the faces behind the voices.\u00a0\t\t\t\t\t\t\t\t<\/div>\n\t\t\t\t<\/div>\n\t\t\t\t<div class=\"elementor-element elementor-element-f9b34b8 elementor-widget__width-initial elementor-widget elementor-widget-button\" data-id=\"f9b34b8\" data-element_type=\"widget\" data-e-type=\"widget\" data-widget_type=\"button.default\">\n\t\t\t\t<div class=\"elementor-widget-container\">\n\t\t\t\t\t\t\t\t\t<div class=\"elementor-button-wrapper\">\n\t\t\t\t\t<a class=\"elementor-button elementor-button-link elementor-size-sm\" href=\"#elementor-action%3Aaction%3Dpopup%3Aopen%26settings%3DeyJpZCI6IjE3MTAiLCJ0b2dnbGUiOmZhbHNlfQ%3D%3D\">\n\t\t\t\t\t\t<span class=\"elementor-button-content-wrapper\">\n\t\t\t\t\t\t\t\t\t<span class=\"elementor-button-text\">GET CONSULTED NOW!<\/span>\n\t\t\t\t\t<\/span>\n\t\t\t\t\t<\/a>\n\t\t\t\t<\/div>\n\t\t\t\t\t\t\t\t<\/div>\n\t\t\t\t<\/div>\n\t\t\t\t<\/div>\n\t\t\t\t<\/div>\n\t\t\t\t\t<\/div>\n\t\t\t\t<\/div>\n\t\t\t\t<\/div>","protected":false},"excerpt":{"rendered":"<p>WOF\u00dcR WIR STEHEN UNSERE VISION &amp; MISSION Bei Nexttop glauben wir an echte Verbindungen und individuelle L\u00f6sungen. Unsere Vision und [&hellip;]<\/p>\n","protected":false},"author":3,"featured_media":0,"parent":0,"menu_order":1,"comment_status":"closed","ping_status":"closed","template":"elementor_header_footer","meta":{"site-sidebar-layout":"no-sidebar","site-content-layout":"","ast-site-content-layout":"full-width-container","site-content-style":"default","site-sidebar-style":"default","ast-global-header-display":"","ast-banner-title-visibility":"","ast-main-header-display":"","ast-hfb-above-header-display":"","ast-hfb-below-header-display":"","ast-hfb-mobile-header-display":"","site-post-title":"disabled","ast-breadcrumbs-content":"","ast-featured-img":"disabled","footer-sml-layout":"","ast-disable-related-posts":"","theme-transparent-header-meta":"","adv-header-id-meta":"","stick-header-meta":"","header-above-stick-meta":"","header-main-stick-meta":"","header-below-stick-meta":"","astra-migrate-meta-layouts":"default","ast-page-background-enabled":"default","ast-page-background-meta":{"desktop":{"background-color":"var(--ast-global-color-5)","background-image":"","background-repeat":"repeat","background-position":"center center","background-size":"auto","background-attachment":"scroll","background-type":"","background-media":"","overlay-type":"","overlay-color":"","overlay-opacity":"","overlay-gradient":""},"tablet":{"background-color":"","background-image":"","background-repeat":"repeat","background-position":"center center","background-size":"auto","background-attachment":"scroll","background-type":"","background-media":"","overlay-type":"","overlay-color":"","overlay-opacity":"","overlay-gradient":""},"mobile":{"background-color":"","background-image":"","background-repeat":"repeat","background-position":"center center","background-size":"auto","background-attachment":"scroll","background-type":"","background-media":"","overlay-type":"","overlay-color":"","overlay-opacity":"","overlay-gradient":""}},"ast-content-background-meta":{"desktop":{"background-color":"var(--ast-global-color-4)","background-image":"","background-repeat":"repeat","background-position":"center center","background-size":"auto","background-attachment":"scroll","background-type":"","background-media":"","overlay-type":"","overlay-color":"","overlay-opacity":"","overlay-gradient":""},"tablet":{"background-color":"var(--ast-global-color-4)","background-image":"","background-repeat":"repeat","background-position":"center center","background-size":"auto","background-attachment":"scroll","background-type":"","background-media":"","overlay-type":"","overlay-color":"","overlay-opacity":"","overlay-gradient":""},"mobile":{"background-color":"var(--ast-global-color-4)","background-image":"","background-repeat":"repeat","background-position":"center center","background-size":"auto","background-attachment":"scroll","background-type":"","background-media":"","overlay-type":"","overlay-color":"","overlay-opacity":"","overlay-gradient":""}},"footnotes":""},"class_list":["post-684","page","type-page","status-publish","hentry"],"yoast_head":"<!-- This site is optimized with the Yoast SEO plugin v27.5 - https:\/\/yoast.com\/product\/yoast-seo-wordpress\/ -->\n<title>Unsere Vision &amp; Mission \u2013 Nexttop Kommunikationsl\u00f6sungen<\/title>\n<meta name=\"description\" content=\"Unsere Mission: Pers\u00f6nliche Kommunikationsl\u00f6sungen. Nexttop steht f\u00fcr N\u00e4he, Flexibilit\u00e4t und individuelle Betreuung.\" \/>\n<meta name=\"robots\" content=\"index, follow, max-snippet:-1, max-image-preview:large, max-video-preview:-1\" \/>\n<link rel=\"canonical\" href=\"https:\/\/nexttop.de\/en\/vision-mission\/\" \/>\n<meta property=\"og:locale\" content=\"en_GB\" \/>\n<meta property=\"og:type\" content=\"article\" \/>\n<meta property=\"og:title\" content=\"Unsere Vision &amp; Mission \u2013 Nexttop Kommunikationsl\u00f6sungen\" \/>\n<meta property=\"og:description\" content=\"Unsere Mission: Pers\u00f6nliche Kommunikationsl\u00f6sungen. Nexttop steht f\u00fcr N\u00e4he, Flexibilit\u00e4t und individuelle Betreuung.\" \/>\n<meta property=\"og:url\" content=\"https:\/\/nexttop.de\/en\/vision-mission\/\" \/>\n<meta property=\"og:site_name\" content=\"Nexttop GmbH\" \/>\n<meta property=\"article:modified_time\" content=\"2026-02-12T14:30:41+00:00\" \/>\n<meta name=\"twitter:card\" content=\"summary_large_image\" \/>\n<meta name=\"twitter:label1\" content=\"Estimated reading time\" \/>\n\t<meta name=\"twitter:data1\" content=\"3 minutes\" \/>\n<script type=\"application\/ld+json\" class=\"yoast-schema-graph\">{\"@context\":\"https:\\\/\\\/schema.org\",\"@graph\":[{\"@type\":\"WebPage\",\"@id\":\"https:\\\/\\\/nexttop.de\\\/vision-mission\\\/\",\"url\":\"https:\\\/\\\/nexttop.de\\\/vision-mission\",\"name\":\"Unsere Vision & Mission \u2013 Nexttop Kommunikationsl\u00f6sungen\",\"isPartOf\":{\"@id\":\"https:\\\/\\\/nexttop.de\\\/#website\"},\"datePublished\":\"2025-04-29T12:36:30+00:00\",\"dateModified\":\"2026-02-12T14:30:41+00:00\",\"description\":\"Unsere Mission: Pers\u00f6nliche Kommunikationsl\u00f6sungen. Nexttop steht f\u00fcr N\u00e4he, Flexibilit\u00e4t und individuelle Betreuung.\",\"breadcrumb\":{\"@id\":\"https:\\\/\\\/nexttop.de\\\/vision-mission#breadcrumb\"},\"inLanguage\":\"en-GB\",\"potentialAction\":[{\"@type\":\"ReadAction\",\"target\":[\"https:\\\/\\\/nexttop.de\\\/vision-mission\"]}]},{\"@type\":\"BreadcrumbList\",\"@id\":\"https:\\\/\\\/nexttop.de\\\/vision-mission#breadcrumb\",\"itemListElement\":[{\"@type\":\"ListItem\",\"position\":1,\"name\":\"Startseite\",\"item\":\"https:\\\/\\\/nexttop.de\\\/\"},{\"@type\":\"ListItem\",\"position\":2,\"name\":\"Vision & Mission\"}]},{\"@type\":\"WebSite\",\"@id\":\"https:\\\/\\\/nexttop.de\\\/#website\",\"url\":\"https:\\\/\\\/nexttop.de\\\/\",\"name\":\"Nexttop GmbH\",\"description\":\"Telefonservice, B\u00fcroservice und Kundenzufriedenheit\",\"publisher\":{\"@id\":\"https:\\\/\\\/nexttop.de\\\/#organization\"},\"potentialAction\":[{\"@type\":\"SearchAction\",\"target\":{\"@type\":\"EntryPoint\",\"urlTemplate\":\"https:\\\/\\\/nexttop.de\\\/?s={search_term_string}\"},\"query-input\":{\"@type\":\"PropertyValueSpecification\",\"valueRequired\":true,\"valueName\":\"search_term_string\"}}],\"inLanguage\":\"en-GB\"},{\"@type\":\"Organization\",\"@id\":\"https:\\\/\\\/nexttop.de\\\/#organization\",\"name\":\"Nexttop GmbH\",\"url\":\"https:\\\/\\\/nexttop.de\\\/\",\"logo\":{\"@type\":\"ImageObject\",\"inLanguage\":\"en-GB\",\"@id\":\"https:\\\/\\\/nexttop.de\\\/#\\\/schema\\\/logo\\\/image\\\/\",\"url\":\"https:\\\/\\\/nexttop.de\\\/wp-content\\\/uploads\\\/2025\\\/02\\\/Nexttop_Logo_Monochrome_RGB.png\",\"contentUrl\":\"https:\\\/\\\/nexttop.de\\\/wp-content\\\/uploads\\\/2025\\\/02\\\/Nexttop_Logo_Monochrome_RGB.png\",\"width\":394,\"height\":146,\"caption\":\"Nexttop GmbH\"},\"image\":{\"@id\":\"https:\\\/\\\/nexttop.de\\\/#\\\/schema\\\/logo\\\/image\\\/\"}}]}<\/script>\n<!-- \/ Yoast SEO plugin. -->","yoast_head_json":{"title":"Unsere Vision & Mission \u2013 Nexttop Kommunikationsl\u00f6sungen","description":"Unsere Mission: Pers\u00f6nliche Kommunikationsl\u00f6sungen. Nexttop steht f\u00fcr N\u00e4he, Flexibilit\u00e4t und individuelle Betreuung.","robots":{"index":"index","follow":"follow","max-snippet":"max-snippet:-1","max-image-preview":"max-image-preview:large","max-video-preview":"max-video-preview:-1"},"canonical":"https:\/\/nexttop.de\/en\/vision-mission\/","og_locale":"en_GB","og_type":"article","og_title":"Unsere Vision & Mission \u2013 Nexttop Kommunikationsl\u00f6sungen","og_description":"Unsere Mission: Pers\u00f6nliche Kommunikationsl\u00f6sungen. Nexttop steht f\u00fcr N\u00e4he, Flexibilit\u00e4t und individuelle Betreuung.","og_url":"https:\/\/nexttop.de\/en\/vision-mission\/","og_site_name":"Nexttop GmbH","article_modified_time":"2026-02-12T14:30:41+00:00","twitter_card":"summary_large_image","twitter_misc":{"Estimated reading time":"3 minutes"},"schema":{"@context":"https:\/\/schema.org","@graph":[{"@type":"WebPage","@id":"https:\/\/nexttop.de\/vision-mission\/","url":"https:\/\/nexttop.de\/vision-mission","name":"Unsere Vision & Mission \u2013 Nexttop Kommunikationsl\u00f6sungen","isPartOf":{"@id":"https:\/\/nexttop.de\/#website"},"datePublished":"2025-04-29T12:36:30+00:00","dateModified":"2026-02-12T14:30:41+00:00","description":"Unsere Mission: Pers\u00f6nliche Kommunikationsl\u00f6sungen. Nexttop steht f\u00fcr N\u00e4he, Flexibilit\u00e4t und individuelle Betreuung.","breadcrumb":{"@id":"https:\/\/nexttop.de\/vision-mission#breadcrumb"},"inLanguage":"en-GB","potentialAction":[{"@type":"ReadAction","target":["https:\/\/nexttop.de\/vision-mission"]}]},{"@type":"BreadcrumbList","@id":"https:\/\/nexttop.de\/vision-mission#breadcrumb","itemListElement":[{"@type":"ListItem","position":1,"name":"Startseite","item":"https:\/\/nexttop.de\/"},{"@type":"ListItem","position":2,"name":"Vision & Mission"}]},{"@type":"WebSite","@id":"https:\/\/nexttop.de\/#website","url":"https:\/\/nexttop.de\/","name":"Nexttop GmbH","description":"Telefonservice, B\u00fcroservice und Kundenzufriedenheit","publisher":{"@id":"https:\/\/nexttop.de\/#organization"},"potentialAction":[{"@type":"SearchAction","target":{"@type":"EntryPoint","urlTemplate":"https:\/\/nexttop.de\/?s={search_term_string}"},"query-input":{"@type":"PropertyValueSpecification","valueRequired":true,"valueName":"search_term_string"}}],"inLanguage":"en-GB"},{"@type":"Organization","@id":"https:\/\/nexttop.de\/#organization","name":"Nexttop GmbH","url":"https:\/\/nexttop.de\/","logo":{"@type":"ImageObject","inLanguage":"en-GB","@id":"https:\/\/nexttop.de\/#\/schema\/logo\/image\/","url":"https:\/\/nexttop.de\/wp-content\/uploads\/2025\/02\/Nexttop_Logo_Monochrome_RGB.png","contentUrl":"https:\/\/nexttop.de\/wp-content\/uploads\/2025\/02\/Nexttop_Logo_Monochrome_RGB.png","width":394,"height":146,"caption":"Nexttop GmbH"},"image":{"@id":"https:\/\/nexttop.de\/#\/schema\/logo\/image\/"}}]}},"jetpack_sharing_enabled":true,"_links":{"self":[{"href":"https:\/\/nexttop.de\/en\/wp-json\/wp\/v2\/pages\/684","targetHints":{"allow":["GET"]}}],"collection":[{"href":"https:\/\/nexttop.de\/en\/wp-json\/wp\/v2\/pages"}],"about":[{"href":"https:\/\/nexttop.de\/en\/wp-json\/wp\/v2\/types\/page"}],"author":[{"embeddable":true,"href":"https:\/\/nexttop.de\/en\/wp-json\/wp\/v2\/users\/3"}],"replies":[{"embeddable":true,"href":"https:\/\/nexttop.de\/en\/wp-json\/wp\/v2\/comments?post=684"}],"version-history":[{"count":128,"href":"https:\/\/nexttop.de\/en\/wp-json\/wp\/v2\/pages\/684\/revisions"}],"predecessor-version":[{"id":4610,"href":"https:\/\/nexttop.de\/en\/wp-json\/wp\/v2\/pages\/684\/revisions\/4610"}],"wp:attachment":[{"href":"https:\/\/nexttop.de\/en\/wp-json\/wp\/v2\/media?parent=684"}],"curies":[{"name":"wp","href":"https:\/\/api.w.org\/{rel}","templated":true}]}}