{"id":731,"date":"2025-05-02T11:46:48","date_gmt":"2025-05-02T11:46:48","guid":{"rendered":"https:\/\/nexttop.de\/?page_id=731"},"modified":"2026-02-17T12:53:16","modified_gmt":"2026-02-17T12:53:16","slug":"werte-kultur","status":"publish","type":"page","link":"https:\/\/nexttop.de\/en\/werte-kultur\/","title":{"rendered":"Values &amp; Culture"},"content":{"rendered":"<div data-elementor-type=\"wp-page\" data-elementor-id=\"731\" class=\"elementor elementor-731\" data-elementor-post-type=\"page\">\n\t\t\t\t<div class=\"elementor-element elementor-element-6f92a7a0 e-flex e-con-boxed e-con e-parent\" data-id=\"6f92a7a0\" data-element_type=\"container\" data-e-type=\"container\" data-settings=\"{&quot;background_background&quot;:&quot;classic&quot;}\">\n\t\t\t\t\t<div class=\"e-con-inner\">\n\t\t<div class=\"elementor-element elementor-element-29fb363 e-con-full e-flex e-con e-child\" data-id=\"29fb363\" data-element_type=\"container\" data-e-type=\"container\">\n\t\t\t\t<div class=\"elementor-element elementor-element-137c095c elementor-widget-tablet__width-initial elementor-widget elementor-widget-heading\" data-id=\"137c095c\" data-element_type=\"widget\" data-e-type=\"widget\" data-widget_type=\"heading.default\">\n\t\t\t\t<div class=\"elementor-widget-container\">\n\t\t\t\t\t<h2 class=\"elementor-heading-title elementor-size-default\">WHAT MAKES US SPECIAL<\/h2>\t\t\t\t<\/div>\n\t\t\t\t<\/div>\n\t\t\t\t<div class=\"elementor-element elementor-element-6c063508 elementor-widget-tablet__width-inherit elementor-widget elementor-widget-text-editor\" data-id=\"6c063508\" data-element_type=\"widget\" data-e-type=\"widget\" data-widget_type=\"text-editor.default\">\n\t\t\t\t<div class=\"elementor-widget-container\">\n\t\t\t\t\t\t\t\t\t<h1>OUR VALUES &amp;\nCORPORATE CULTURE<\/h1>\t\t\t\t\t\t\t\t<\/div>\n\t\t\t\t<\/div>\n\t\t\t\t<div class=\"elementor-element elementor-element-9fb841f elementor-widget__width-initial elementor-widget elementor-widget-text-editor\" data-id=\"9fb841f\" data-element_type=\"widget\" data-e-type=\"widget\" data-widget_type=\"text-editor.default\">\n\t\t\t\t<div class=\"elementor-widget-container\">\n\t\t\t\t\t\t\t\t\t<p class=\"translation-block\">Our corporate culture is characterised by trust, openness and genuine team spirit.<br>We focus on humanity and cooperation based on partnership - both internally and externally.<\/p>\t\t\t\t\t\t\t\t<\/div>\n\t\t\t\t<\/div>\n\t\t\t\t<\/div>\n\t\t\t\t<div class=\"elementor-element elementor-element-79e82c96 elementor-widget-tablet__width-initial elementor-widget elementor-widget-button\" data-id=\"79e82c96\" data-element_type=\"widget\" data-e-type=\"widget\" data-widget_type=\"button.default\">\n\t\t\t\t<div class=\"elementor-widget-container\">\n\t\t\t\t\t\t\t\t\t<div class=\"elementor-button-wrapper\">\n\t\t\t\t\t<a class=\"elementor-button elementor-button-link elementor-size-sm\" href=\"#elementor-action%3Aaction%3Dpopup%3Aopen%26settings%3DeyJpZCI6IjE3MTAiLCJ0b2dnbGUiOmZhbHNlfQ%3D%3D\">\n\t\t\t\t\t\t<span class=\"elementor-button-content-wrapper\">\n\t\t\t\t\t\t\t\t\t<span class=\"elementor-button-text\">MAKE AN APPOINTMENT<\/span>\n\t\t\t\t\t<\/span>\n\t\t\t\t\t<\/a>\n\t\t\t\t<\/div>\n\t\t\t\t\t\t\t\t<\/div>\n\t\t\t\t<\/div>\n\t\t\t\t\t<\/div>\n\t\t\t\t<\/div>\n\t\t<div class=\"elementor-element elementor-element-ebf5eff e-flex e-con-boxed e-con e-parent\" data-id=\"ebf5eff\" data-element_type=\"container\" data-e-type=\"container\">\n\t\t\t\t\t<div class=\"e-con-inner\">\n\t\t\t\t<div class=\"elementor-element elementor-element-d5338fc elementor-widget elementor-widget-html\" data-id=\"d5338fc\" data-element_type=\"widget\" data-e-type=\"widget\" data-widget_type=\"html.default\">\n\t\t\t\t<div class=\"elementor-widget-container\">\n\t\t\t\t\t<div class=\"telefon-inbound translation-block\">TELEPHONE<br>SERVICE<br>INBOUND<\/div>\r\n\r\n\t\t\t\t<\/div>\n\t\t\t\t<\/div>\n\t\t\t\t<div class=\"elementor-element elementor-element-7923f1d elementor-widget elementor-widget-html\" data-id=\"7923f1d\" data-element_type=\"widget\" data-e-type=\"widget\" data-widget_type=\"html.default\">\n\t\t\t\t<div class=\"elementor-widget-container\">\n\t\t\t\t\t<div class=\"externer-service translation-block\">EXTERNAL<br>OFFICE<br>SERVICE<\/div>\r\n\t\t\t\t<\/div>\n\t\t\t\t<\/div>\n\t\t\t\t<div class=\"elementor-element elementor-element-9a9c9a9 elementor-widget elementor-widget-html\" data-id=\"9a9c9a9\" data-element_type=\"widget\" data-e-type=\"widget\" data-widget_type=\"html.default\">\n\t\t\t\t<div class=\"elementor-widget-container\">\n\t\t\t\t\t<div class=\"neukunden-akquise translation-block\">NEW-<br>CUSTOMER<br>ACQUISITION<\/div>\r\n\t\t\t\t<\/div>\n\t\t\t\t<\/div>\n\t\t\t\t<div class=\"elementor-element elementor-element-f5bd2f5 elementor-widget elementor-widget-html\" data-id=\"f5bd2f5\" data-element_type=\"widget\" data-e-type=\"widget\" data-widget_type=\"html.default\">\n\t\t\t\t<div class=\"elementor-widget-container\">\n\t\t\t\t\t<div class=\"kunden-zufriedenheit translation-block\">CUSTOMER<br>SATIS-<br>FACTION<\/div>\r\n\t\t\t\t<\/div>\n\t\t\t\t<\/div>\n\t\t\t\t\t<\/div>\n\t\t\t\t<\/div>\n\t\t<div class=\"elementor-element elementor-element-b15e4e1 e-flex e-con-boxed e-con e-parent\" data-id=\"b15e4e1\" data-element_type=\"container\" data-e-type=\"container\">\n\t\t\t\t\t<div class=\"e-con-inner\">\n\t\t\t\t<div class=\"elementor-element elementor-element-21398480 elementor-widget__width-initial elementor-widget elementor-widget-heading\" data-id=\"21398480\" data-element_type=\"widget\" data-e-type=\"widget\" data-widget_type=\"heading.default\">\n\t\t\t\t<div class=\"elementor-widget-container\">\n\t\t\t\t\t<h2 class=\"elementor-heading-title elementor-size-default\">WHAT WE STAND FOR:<\/h2>\t\t\t\t<\/div>\n\t\t\t\t<\/div>\n\t\t\t\t\t<\/div>\n\t\t\t\t<\/div>\n\t\t<div class=\"elementor-element elementor-element-64dedcb2 e-flex e-con-boxed e-con e-parent\" data-id=\"64dedcb2\" data-element_type=\"container\" data-e-type=\"container\">\n\t\t\t\t\t<div class=\"e-con-inner\">\n\t\t<div class=\"elementor-element elementor-element-2acf5163 e-con-full e-flex e-con e-child\" data-id=\"2acf5163\" data-element_type=\"container\" data-e-type=\"container\">\n\t\t\t\t<div class=\"elementor-element elementor-element-193e8cff elementor-widget__width-initial elementor-widget elementor-widget-text-editor\" data-id=\"193e8cff\" data-element_type=\"widget\" data-e-type=\"widget\" data-widget_type=\"text-editor.default\">\n\t\t\t\t<div class=\"elementor-widget-container\">\n\t\t\t\t\t\t\t\t\t<p>AUTHENTICITY, CLOSENESS AND RESPONSIBILITY<\/p>\t\t\t\t\t\t\t\t<\/div>\n\t\t\t\t<\/div>\n\t\t\t\t<div class=\"elementor-element elementor-element-430a0ceb elementor-widget__width-initial elementor-widget elementor-widget-text-editor\" data-id=\"430a0ceb\" data-element_type=\"widget\" data-e-type=\"widget\" data-widget_type=\"text-editor.default\">\n\t\t\t\t<div class=\"elementor-widget-container\">\n\t\t\t\t\t\t\t\t\t<p>At Nexttop, we are all about real, personal connections. Our customers are not numbers - they are partners with whom we grow together. We focus on authentic communication, customised solutions and are always approachable. <span style=\"font-style: inherit; font-weight: inherit;\">Our actions are characterised by respect and transparency - both within the team and with our customers. We take responsibility, are flexible and offer innovative solutions that make the difference. Our aim is to create long-term relationships with reliability and authenticity.<\/span><\/p>\t\t\t\t\t\t\t\t<\/div>\n\t\t\t\t<\/div>\n\t\t\t\t<\/div>\n\t\t<div class=\"elementor-element elementor-element-258f907 e-con-full e-flex e-con e-child\" data-id=\"258f907\" data-element_type=\"container\" data-e-type=\"container\">\n\t\t\t\t<div class=\"elementor-element elementor-element-24ad815b elementor-widget elementor-widget-text-editor\" data-id=\"24ad815b\" data-element_type=\"widget\" data-e-type=\"widget\" data-widget_type=\"text-editor.default\">\n\t\t\t\t<div class=\"elementor-widget-container\">\n\t\t\t\t\t\t\t\t\t<p>TEAM SPIRIT THAT MOVES<\/p>\t\t\t\t\t\t\t\t<\/div>\n\t\t\t\t<\/div>\n\t\t\t\t<div class=\"elementor-element elementor-element-6cab33fc elementor-widget__width-initial elementor-widget elementor-widget-text-editor\" data-id=\"6cab33fc\" data-element_type=\"widget\" data-e-type=\"widget\" data-widget_type=\"text-editor.default\">\n\t\t\t\t<div class=\"elementor-widget-container\">\n\t\t\t\t\t\t\t\t\t<p>At Nexttop, we are more than just a team - we are like a family. Everyone has a voice, ideas are heard and responsibility is shared. We work flat, without unnecessary hierarchies, and maintain open, respectful communication. As a young, dynamic team, we are constantly looking for innovative solutions to help our customers.<\/p>\t\t\t\t\t\t\t\t<\/div>\n\t\t\t\t<\/div>\n\t\t\t\t<\/div>\n\t\t\t\t\t<\/div>\n\t\t\t\t<\/div>\n\t\t<div class=\"elementor-element elementor-element-5f34f61 e-flex e-con-boxed e-con e-parent\" data-id=\"5f34f61\" data-element_type=\"container\" data-e-type=\"container\" data-settings=\"{&quot;background_background&quot;:&quot;classic&quot;}\">\n\t\t\t\t\t<div class=\"e-con-inner\">\n\t\t\t\t<div class=\"elementor-element elementor-element-04b40b0 elementor-widget elementor-widget-text-editor\" data-id=\"04b40b0\" data-element_type=\"widget\" data-e-type=\"widget\" data-widget_type=\"text-editor.default\">\n\t\t\t\t<div class=\"elementor-widget-container\">\n\t\t\t\t\t\t\t\t\t<p>WHAT DISTINGUISHES US FROM OTHERS?<\/p>\t\t\t\t\t\t\t\t<\/div>\n\t\t\t\t<\/div>\n\t\t\t\t<div class=\"elementor-element elementor-element-4e15cb9 elementor-widget elementor-widget-text-editor\" data-id=\"4e15cb9\" data-element_type=\"widget\" data-e-type=\"widget\" data-widget_type=\"text-editor.default\">\n\t\t\t\t<div class=\"elementor-widget-container\">\n\t\t\t\t\t\t\t\t\t<p>WE ARE APPROACHABLE:<\/p>\t\t\t\t\t\t\t\t<\/div>\n\t\t\t\t<\/div>\n\t\t\t\t<div class=\"elementor-element elementor-element-0d9a01a elementor-widget__width-initial elementor-widget elementor-widget-text-editor\" data-id=\"0d9a01a\" data-element_type=\"widget\" data-e-type=\"widget\" data-widget_type=\"text-editor.default\">\n\t\t\t\t<div class=\"elementor-widget-container\">\n\t\t\t\t\t\t\t\t\t<p>In direct contact, in communication and in the way we deal with challenges.<br \/>With us, there are no barriers, just genuine dialogue and cooperation based on partnership.<\/p>\t\t\t\t\t\t\t\t<\/div>\n\t\t\t\t<\/div>\n\t\t\t\t\t<\/div>\n\t\t\t\t<\/div>\n\t\t<div class=\"elementor-element elementor-element-28b8c1f4 e-flex e-con-boxed e-con e-parent\" data-id=\"28b8c1f4\" data-element_type=\"container\" data-e-type=\"container\">\n\t\t\t\t\t<div class=\"e-con-inner\">\n\t\t<div class=\"elementor-element elementor-element-6f59ea9 e-con-full e-flex e-con e-child\" data-id=\"6f59ea9\" data-element_type=\"container\" data-e-type=\"container\">\n\t\t<div class=\"elementor-element elementor-element-0f7e258 e-con-full e-flex e-con e-child\" data-id=\"0f7e258\" data-element_type=\"container\" data-e-type=\"container\" data-settings=\"{&quot;background_background&quot;:&quot;classic&quot;}\">\n\t\t\t\t<div class=\"elementor-element elementor-element-8e93146 elementor-widget__width-initial elementor-widget elementor-widget-text-editor\" data-id=\"8e93146\" data-element_type=\"widget\" data-e-type=\"widget\" data-widget_type=\"text-editor.default\">\n\t\t\t\t<div class=\"elementor-widget-container\">\n\t\t\t\t\t\t\t\t\t<p>AT NEXTTOP, IT'S NOT JUST WHAT WE DO THAT COUNTS -<br \/>IT'S HOW WE DO IT: PERSONAL, OPEN, AND COMMITTED.<\/p>\t\t\t\t\t\t\t\t<\/div>\n\t\t\t\t<\/div>\n\t\t\t\t<div class=\"elementor-element elementor-element-68dde83 elementor-widget__width-initial elementor-widget elementor-widget-text-editor\" data-id=\"68dde83\" data-element_type=\"widget\" data-e-type=\"widget\" data-widget_type=\"text-editor.default\">\n\t\t\t\t<div class=\"elementor-widget-container\">\n\t\t\t\t\t\t\t\t\tGet advice now and get to know the faces behind the voices.\u00a0\t\t\t\t\t\t\t\t<\/div>\n\t\t\t\t<\/div>\n\t\t\t\t<div class=\"elementor-element elementor-element-1a45a68 elementor-widget__width-initial elementor-widget elementor-widget-button\" data-id=\"1a45a68\" data-element_type=\"widget\" data-e-type=\"widget\" data-widget_type=\"button.default\">\n\t\t\t\t<div class=\"elementor-widget-container\">\n\t\t\t\t\t\t\t\t\t<div class=\"elementor-button-wrapper\">\n\t\t\t\t\t<a class=\"elementor-button elementor-button-link elementor-size-sm\" href=\"#elementor-action%3Aaction%3Dpopup%3Aopen%26settings%3DeyJpZCI6IjE3MTAiLCJ0b2dnbGUiOmZhbHNlfQ%3D%3D\">\n\t\t\t\t\t\t<span class=\"elementor-button-content-wrapper\">\n\t\t\t\t\t\t\t\t\t<span class=\"elementor-button-text\">GET CONSULTED NOW!<\/span>\n\t\t\t\t\t<\/span>\n\t\t\t\t\t<\/a>\n\t\t\t\t<\/div>\n\t\t\t\t\t\t\t\t<\/div>\n\t\t\t\t<\/div>\n\t\t\t\t<\/div>\n\t\t\t\t<\/div>\n\t\t\t\t\t<\/div>\n\t\t\t\t<\/div>\n\t\t\t\t<\/div>","protected":false},"excerpt":{"rendered":"<p>WAS UNS AUSMACHT UNSERE WERTE &amp; UNTERNEHMENS&shy;KULTUR Unsere Unternehmenskultur ist gepr\u00e4gt von Vertrauen, Offenheit und echtem Teamgeist.Wir setzen auf Menschlichkeit [&hellip;]<\/p>\n","protected":false},"author":3,"featured_media":0,"parent":0,"menu_order":2,"comment_status":"closed","ping_status":"closed","template":"","meta":{"site-sidebar-layout":"no-sidebar","site-content-layout":"","ast-site-content-layout":"full-width-container","site-content-style":"default","site-sidebar-style":"default","ast-global-header-display":"","ast-banner-title-visibility":"","ast-main-header-display":"","ast-hfb-above-header-display":"","ast-hfb-below-header-display":"","ast-hfb-mobile-header-display":"","site-post-title":"disabled","ast-breadcrumbs-content":"","ast-featured-img":"disabled","footer-sml-layout":"","ast-disable-related-posts":"","theme-transparent-header-meta":"","adv-header-id-meta":"","stick-header-meta":"","header-above-stick-meta":"","header-main-stick-meta":"","header-below-stick-meta":"","astra-migrate-meta-layouts":"default","ast-page-background-enabled":"default","ast-page-background-meta":{"desktop":{"background-color":"var(--ast-global-color-5)","background-image":"","background-repeat":"repeat","background-position":"center center","background-size":"auto","background-attachment":"scroll","background-type":"","background-media":"","overlay-type":"","overlay-color":"","overlay-opacity":"","overlay-gradient":""},"tablet":{"background-color":"","background-image":"","background-repeat":"repeat","background-position":"center center","background-size":"auto","background-attachment":"scroll","background-type":"","background-media":"","overlay-type":"","overlay-color":"","overlay-opacity":"","overlay-gradient":""},"mobile":{"background-color":"","background-image":"","background-repeat":"repeat","background-position":"center center","background-size":"auto","background-attachment":"scroll","background-type":"","background-media":"","overlay-type":"","overlay-color":"","overlay-opacity":"","overlay-gradient":""}},"ast-content-background-meta":{"desktop":{"background-color":"var(--ast-global-color-4)","background-image":"","background-repeat":"repeat","background-position":"center center","background-size":"auto","background-attachment":"scroll","background-type":"","background-media":"","overlay-type":"","overlay-color":"","overlay-opacity":"","overlay-gradient":""},"tablet":{"background-color":"var(--ast-global-color-4)","background-image":"","background-repeat":"repeat","background-position":"center center","background-size":"auto","background-attachment":"scroll","background-type":"","background-media":"","overlay-type":"","overlay-color":"","overlay-opacity":"","overlay-gradient":""},"mobile":{"background-color":"var(--ast-global-color-4)","background-image":"","background-repeat":"repeat","background-position":"center center","background-size":"auto","background-attachment":"scroll","background-type":"","background-media":"","overlay-type":"","overlay-color":"","overlay-opacity":"","overlay-gradient":""}},"footnotes":""},"class_list":["post-731","page","type-page","status-publish","hentry"],"yoast_head":"<!-- This site is optimized with the Yoast SEO plugin v27.4 - https:\/\/yoast.com\/product\/yoast-seo-wordpress\/ -->\n<title>Werte &amp; Unternehmenskultur \u2013 Nexttop<\/title>\n<meta name=\"description\" content=\"Nexttop \u2013 Werte und Unternehmenskultur: Vertrauen, Offenheit und Teamgeist f\u00fcr pers\u00f6nliche Kommunikationsl\u00f6sungen.\" \/>\n<meta name=\"robots\" content=\"index, follow, max-snippet:-1, max-image-preview:large, max-video-preview:-1\" \/>\n<link rel=\"canonical\" href=\"https:\/\/nexttop.de\/en\/werte-kultur\/\" \/>\n<meta property=\"og:locale\" content=\"en_GB\" \/>\n<meta property=\"og:type\" content=\"article\" \/>\n<meta property=\"og:title\" content=\"Werte &amp; Unternehmenskultur \u2013 Nexttop\" \/>\n<meta property=\"og:description\" content=\"Nexttop \u2013 Werte und Unternehmenskultur: Vertrauen, Offenheit und Teamgeist f\u00fcr pers\u00f6nliche Kommunikationsl\u00f6sungen.\" \/>\n<meta property=\"og:url\" content=\"https:\/\/nexttop.de\/en\/werte-kultur\/\" \/>\n<meta property=\"og:site_name\" content=\"Nexttop GmbH\" \/>\n<meta property=\"article:modified_time\" content=\"2026-02-17T12:53:16+00:00\" \/>\n<meta name=\"twitter:card\" content=\"summary_large_image\" \/>\n<meta name=\"twitter:label1\" content=\"Estimated reading time\" \/>\n\t<meta name=\"twitter:data1\" content=\"2 minutes\" \/>\n<script type=\"application\/ld+json\" class=\"yoast-schema-graph\">{\"@context\":\"https:\\\/\\\/schema.org\",\"@graph\":[{\"@type\":\"WebPage\",\"@id\":\"https:\\\/\\\/nexttop.de\\\/werte-kultur\\\/\",\"url\":\"https:\\\/\\\/nexttop.de\\\/werte-kultur\\\/\",\"name\":\"Werte & Unternehmenskultur \u2013 Nexttop\",\"isPartOf\":{\"@id\":\"https:\\\/\\\/nexttop.de\\\/#website\"},\"datePublished\":\"2025-05-02T11:46:48+00:00\",\"dateModified\":\"2026-02-17T12:53:16+00:00\",\"description\":\"Nexttop \u2013 Werte und Unternehmenskultur: Vertrauen, Offenheit und Teamgeist f\u00fcr pers\u00f6nliche Kommunikationsl\u00f6sungen.\",\"breadcrumb\":{\"@id\":\"https:\\\/\\\/nexttop.de\\\/werte-kultur\\\/#breadcrumb\"},\"inLanguage\":\"en-GB\",\"potentialAction\":[{\"@type\":\"ReadAction\",\"target\":[\"https:\\\/\\\/nexttop.de\\\/werte-kultur\\\/\"]}]},{\"@type\":\"BreadcrumbList\",\"@id\":\"https:\\\/\\\/nexttop.de\\\/werte-kultur\\\/#breadcrumb\",\"itemListElement\":[{\"@type\":\"ListItem\",\"position\":1,\"name\":\"Startseite\",\"item\":\"https:\\\/\\\/nexttop.de\\\/\"},{\"@type\":\"ListItem\",\"position\":2,\"name\":\"Werte & Unternehmenskultur\"}]},{\"@type\":\"WebSite\",\"@id\":\"https:\\\/\\\/nexttop.de\\\/#website\",\"url\":\"https:\\\/\\\/nexttop.de\\\/\",\"name\":\"Nexttop GmbH\",\"description\":\"Telefonservice, B\u00fcroservice und Kundenzufriedenheit\",\"publisher\":{\"@id\":\"https:\\\/\\\/nexttop.de\\\/#organization\"},\"potentialAction\":[{\"@type\":\"SearchAction\",\"target\":{\"@type\":\"EntryPoint\",\"urlTemplate\":\"https:\\\/\\\/nexttop.de\\\/?s={search_term_string}\"},\"query-input\":{\"@type\":\"PropertyValueSpecification\",\"valueRequired\":true,\"valueName\":\"search_term_string\"}}],\"inLanguage\":\"en-GB\"},{\"@type\":\"Organization\",\"@id\":\"https:\\\/\\\/nexttop.de\\\/#organization\",\"name\":\"Nexttop GmbH\",\"url\":\"https:\\\/\\\/nexttop.de\\\/\",\"logo\":{\"@type\":\"ImageObject\",\"inLanguage\":\"en-GB\",\"@id\":\"https:\\\/\\\/nexttop.de\\\/#\\\/schema\\\/logo\\\/image\\\/\",\"url\":\"https:\\\/\\\/nexttop.de\\\/wp-content\\\/uploads\\\/2025\\\/02\\\/Nexttop_Logo_Monochrome_RGB.png\",\"contentUrl\":\"https:\\\/\\\/nexttop.de\\\/wp-content\\\/uploads\\\/2025\\\/02\\\/Nexttop_Logo_Monochrome_RGB.png\",\"width\":394,\"height\":146,\"caption\":\"Nexttop GmbH\"},\"image\":{\"@id\":\"https:\\\/\\\/nexttop.de\\\/#\\\/schema\\\/logo\\\/image\\\/\"}}]}<\/script>\n<!-- \/ Yoast SEO plugin. -->","yoast_head_json":{"title":"Werte & Unternehmenskultur \u2013 Nexttop","description":"Nexttop \u2013 Werte und Unternehmenskultur: Vertrauen, Offenheit und Teamgeist f\u00fcr pers\u00f6nliche Kommunikationsl\u00f6sungen.","robots":{"index":"index","follow":"follow","max-snippet":"max-snippet:-1","max-image-preview":"max-image-preview:large","max-video-preview":"max-video-preview:-1"},"canonical":"https:\/\/nexttop.de\/en\/werte-kultur\/","og_locale":"en_GB","og_type":"article","og_title":"Werte & Unternehmenskultur \u2013 Nexttop","og_description":"Nexttop \u2013 Werte und Unternehmenskultur: Vertrauen, Offenheit und Teamgeist f\u00fcr pers\u00f6nliche Kommunikationsl\u00f6sungen.","og_url":"https:\/\/nexttop.de\/en\/werte-kultur\/","og_site_name":"Nexttop GmbH","article_modified_time":"2026-02-17T12:53:16+00:00","twitter_card":"summary_large_image","twitter_misc":{"Estimated reading time":"2 minutes"},"schema":{"@context":"https:\/\/schema.org","@graph":[{"@type":"WebPage","@id":"https:\/\/nexttop.de\/werte-kultur\/","url":"https:\/\/nexttop.de\/werte-kultur\/","name":"Werte & Unternehmenskultur \u2013 Nexttop","isPartOf":{"@id":"https:\/\/nexttop.de\/#website"},"datePublished":"2025-05-02T11:46:48+00:00","dateModified":"2026-02-17T12:53:16+00:00","description":"Nexttop \u2013 Werte und Unternehmenskultur: Vertrauen, Offenheit und Teamgeist f\u00fcr pers\u00f6nliche Kommunikationsl\u00f6sungen.","breadcrumb":{"@id":"https:\/\/nexttop.de\/werte-kultur\/#breadcrumb"},"inLanguage":"en-GB","potentialAction":[{"@type":"ReadAction","target":["https:\/\/nexttop.de\/werte-kultur\/"]}]},{"@type":"BreadcrumbList","@id":"https:\/\/nexttop.de\/werte-kultur\/#breadcrumb","itemListElement":[{"@type":"ListItem","position":1,"name":"Startseite","item":"https:\/\/nexttop.de\/"},{"@type":"ListItem","position":2,"name":"Werte & Unternehmenskultur"}]},{"@type":"WebSite","@id":"https:\/\/nexttop.de\/#website","url":"https:\/\/nexttop.de\/","name":"Nexttop GmbH","description":"Telefonservice, B\u00fcroservice und Kundenzufriedenheit","publisher":{"@id":"https:\/\/nexttop.de\/#organization"},"potentialAction":[{"@type":"SearchAction","target":{"@type":"EntryPoint","urlTemplate":"https:\/\/nexttop.de\/?s={search_term_string}"},"query-input":{"@type":"PropertyValueSpecification","valueRequired":true,"valueName":"search_term_string"}}],"inLanguage":"en-GB"},{"@type":"Organization","@id":"https:\/\/nexttop.de\/#organization","name":"Nexttop GmbH","url":"https:\/\/nexttop.de\/","logo":{"@type":"ImageObject","inLanguage":"en-GB","@id":"https:\/\/nexttop.de\/#\/schema\/logo\/image\/","url":"https:\/\/nexttop.de\/wp-content\/uploads\/2025\/02\/Nexttop_Logo_Monochrome_RGB.png","contentUrl":"https:\/\/nexttop.de\/wp-content\/uploads\/2025\/02\/Nexttop_Logo_Monochrome_RGB.png","width":394,"height":146,"caption":"Nexttop GmbH"},"image":{"@id":"https:\/\/nexttop.de\/#\/schema\/logo\/image\/"}}]}},"jetpack_sharing_enabled":true,"_links":{"self":[{"href":"https:\/\/nexttop.de\/en\/wp-json\/wp\/v2\/pages\/731","targetHints":{"allow":["GET"]}}],"collection":[{"href":"https:\/\/nexttop.de\/en\/wp-json\/wp\/v2\/pages"}],"about":[{"href":"https:\/\/nexttop.de\/en\/wp-json\/wp\/v2\/types\/page"}],"author":[{"embeddable":true,"href":"https:\/\/nexttop.de\/en\/wp-json\/wp\/v2\/users\/3"}],"replies":[{"embeddable":true,"href":"https:\/\/nexttop.de\/en\/wp-json\/wp\/v2\/comments?post=731"}],"version-history":[{"count":220,"href":"https:\/\/nexttop.de\/en\/wp-json\/wp\/v2\/pages\/731\/revisions"}],"predecessor-version":[{"id":4668,"href":"https:\/\/nexttop.de\/en\/wp-json\/wp\/v2\/pages\/731\/revisions\/4668"}],"wp:attachment":[{"href":"https:\/\/nexttop.de\/en\/wp-json\/wp\/v2\/media?parent=731"}],"curies":[{"name":"wp","href":"https:\/\/api.w.org\/{rel}","templated":true}]}}