{"id":780,"date":"2025-05-02T18:28:03","date_gmt":"2025-05-02T18:28:03","guid":{"rendered":"https:\/\/nexttop.de\/?page_id=780"},"modified":"2026-02-19T11:18:05","modified_gmt":"2026-02-19T11:18:05","slug":"impressum","status":"publish","type":"page","link":"https:\/\/nexttop.de\/en\/impressum\/","title":{"rendered":"Imprint"},"content":{"rendered":"<div data-elementor-type=\"wp-page\" data-elementor-id=\"780\" class=\"elementor elementor-780\" data-elementor-post-type=\"page\">\n\t\t\t\t<div class=\"elementor-element elementor-element-3ffae5b2 e-flex e-con-boxed e-con e-parent\" data-id=\"3ffae5b2\" data-element_type=\"container\" data-e-type=\"container\" data-settings=\"{&quot;background_background&quot;:&quot;classic&quot;}\">\n\t\t\t\t\t<div class=\"e-con-inner\">\n\t\t<div class=\"elementor-element elementor-element-3c59845 e-con-full e-flex e-con e-child\" data-id=\"3c59845\" data-element_type=\"container\" data-e-type=\"container\">\n\t\t\t\t<div class=\"elementor-element elementor-element-6c34fafb elementor-widget__width-initial elementor-widget elementor-widget-heading\" data-id=\"6c34fafb\" data-element_type=\"widget\" data-e-type=\"widget\" data-widget_type=\"heading.default\">\n\t\t\t\t<div class=\"elementor-widget-container\">\n\t\t\t\t\t<h2 class=\"elementor-heading-title elementor-size-default\">INFORMATION ACCORDING TO \u00a7 5 TMG<\/h2>\t\t\t\t<\/div>\n\t\t\t\t<\/div>\n\t\t\t\t<div class=\"elementor-element elementor-element-52a83c79 elementor-widget__width-inherit elementor-widget elementor-widget-text-editor\" data-id=\"52a83c79\" data-element_type=\"widget\" data-e-type=\"widget\" data-widget_type=\"text-editor.default\">\n\t\t\t\t<div class=\"elementor-widget-container\">\n\t\t\t\t\t\t\t\t\t<h1>IMPRINT<\/h1>\t\t\t\t\t\t\t\t<\/div>\n\t\t\t\t<\/div>\n\t\t\t\t<\/div>\n\t\t\t\t\t<\/div>\n\t\t\t\t<\/div>\n\t\t<div class=\"elementor-element elementor-element-0a35cc3 e-flex e-con-boxed e-con e-parent\" data-id=\"0a35cc3\" data-element_type=\"container\" data-e-type=\"container\">\n\t\t\t\t\t<div class=\"e-con-inner\">\n\t\t\t\t<div class=\"elementor-element elementor-element-dd714d8 elementor-widget__width-inherit elementor-widget elementor-widget-heading\" data-id=\"dd714d8\" data-element_type=\"widget\" data-e-type=\"widget\" data-widget_type=\"heading.default\">\n\t\t\t\t<div class=\"elementor-widget-container\">\n\t\t\t\t\t<h2 class=\"elementor-heading-title elementor-size-default\">IMPRINT<\/h2>\t\t\t\t<\/div>\n\t\t\t\t<\/div>\n\t\t\t\t\t<\/div>\n\t\t\t\t<\/div>\n\t\t<div class=\"elementor-element elementor-element-5130d6a1 e-flex e-con-boxed e-con e-parent\" data-id=\"5130d6a1\" data-element_type=\"container\" data-e-type=\"container\">\n\t\t\t\t\t<div class=\"e-con-inner\">\n\t\t<div class=\"elementor-element elementor-element-67e22cb8 e-con-full e-flex e-con e-child\" data-id=\"67e22cb8\" data-element_type=\"container\" data-e-type=\"container\">\n\t\t\t\t<div class=\"elementor-element elementor-element-245a69fe elementor-widget__width-initial elementor-widget elementor-widget-text-editor\" data-id=\"245a69fe\" data-element_type=\"widget\" data-e-type=\"widget\" data-widget_type=\"text-editor.default\">\n\t\t\t\t<div class=\"elementor-widget-container\">\n\t\t\t\t\t\t\t\t\t<p>VERTRETUNGSBERECHTIGTER GESCH\u00c4FTSF\u00dcHRER<\/p>\t\t\t\t\t\t\t\t<\/div>\n\t\t\t\t<\/div>\n\t\t\t\t<div class=\"elementor-element elementor-element-1f802bc elementor-widget__width-initial elementor-widget elementor-widget-text-editor\" data-id=\"1f802bc\" data-element_type=\"widget\" data-e-type=\"widget\" data-widget_type=\"text-editor.default\">\n\t\t\t\t<div class=\"elementor-widget-container\">\n\t\t\t\t\t\t\t\t\t<p>Christoph Rogl<\/p>\t\t\t\t\t\t\t\t<\/div>\n\t\t\t\t<\/div>\n\t\t\t\t<div class=\"elementor-element elementor-element-0ec0f0d elementor-widget__width-initial elementor-widget elementor-widget-text-editor\" data-id=\"0ec0f0d\" data-element_type=\"widget\" data-e-type=\"widget\" data-widget_type=\"text-editor.default\">\n\t\t\t\t<div class=\"elementor-widget-container\">\n\t\t\t\t\t\t\t\t\t<p>Address:<\/p>\t\t\t\t\t\t\t\t<\/div>\n\t\t\t\t<\/div>\n\t\t\t\t<div class=\"elementor-element elementor-element-c521b70 elementor-widget__width-initial elementor-widget elementor-widget-text-editor\" data-id=\"c521b70\" data-element_type=\"widget\" data-e-type=\"widget\" data-widget_type=\"text-editor.default\">\n\t\t\t\t<div class=\"elementor-widget-container\">\n\t\t\t\t\t\t\t\t\t<p>Nexttop GmbH<\/p><p>Siemensstr. 57-59<\/p><p>48153 M\u00fcnster<\/p>\t\t\t\t\t\t\t\t<\/div>\n\t\t\t\t<\/div>\n\t\t\t\t<div class=\"elementor-element elementor-element-11d9f8d elementor-widget__width-initial elementor-widget elementor-widget-text-editor\" data-id=\"11d9f8d\" data-element_type=\"widget\" data-e-type=\"widget\" data-widget_type=\"text-editor.default\">\n\t\t\t\t<div class=\"elementor-widget-container\">\n\t\t\t\t\t\t\t\t\t<p>Contact<\/p>\t\t\t\t\t\t\t\t<\/div>\n\t\t\t\t<\/div>\n\t\t\t\t<div class=\"elementor-element elementor-element-d724f8a elementor-widget__width-initial elementor-widget elementor-widget-text-editor\" data-id=\"d724f8a\" data-element_type=\"widget\" data-e-type=\"widget\" data-widget_type=\"text-editor.default\">\n\t\t\t\t<div class=\"elementor-widget-container\">\n\t\t\t\t\t\t\t\t\t<p>PHONE +49 251 590602-77<\/p><p>EMAIL: INFO@NEXTTOP.DE<\/p><p>WWW.NEXTTOP.DE<\/p>\t\t\t\t\t\t\t\t<\/div>\n\t\t\t\t<\/div>\n\t\t\t\t<div class=\"elementor-element elementor-element-01bec30 elementor-widget__width-initial elementor-widget elementor-widget-text-editor\" data-id=\"01bec30\" data-element_type=\"widget\" data-e-type=\"widget\" data-widget_type=\"text-editor.default\">\n\t\t\t\t<div class=\"elementor-widget-container\">\n\t\t\t\t\t\t\t\t\t<p>Registered office of the company<\/p>\t\t\t\t\t\t\t\t<\/div>\n\t\t\t\t<\/div>\n\t\t\t\t<div class=\"elementor-element elementor-element-4435a6d elementor-widget__width-initial elementor-widget elementor-widget-text-editor\" data-id=\"4435a6d\" data-element_type=\"widget\" data-e-type=\"widget\" data-widget_type=\"text-editor.default\">\n\t\t\t\t<div class=\"elementor-widget-container\">\n\t\t\t\t\t\t\t\t\t<p>M\u00dcNSTER<\/p><p>M\u00dcNSTER LOCAL COURT, HRB 10588<\/p>\t\t\t\t\t\t\t\t<\/div>\n\t\t\t\t<\/div>\n\t\t\t\t<div class=\"elementor-element elementor-element-9f59ac9 elementor-widget__width-initial elementor-widget elementor-widget-text-editor\" data-id=\"9f59ac9\" data-element_type=\"widget\" data-e-type=\"widget\" data-widget_type=\"text-editor.default\">\n\t\t\t\t<div class=\"elementor-widget-container\">\n\t\t\t\t\t\t\t\t\t<p>VAT ID NO.::<\/p>\t\t\t\t\t\t\t\t<\/div>\n\t\t\t\t<\/div>\n\t\t\t\t<div class=\"elementor-element elementor-element-f100fde elementor-widget__width-initial elementor-widget elementor-widget-text-editor\" data-id=\"f100fde\" data-element_type=\"widget\" data-e-type=\"widget\" data-widget_type=\"text-editor.default\">\n\t\t\t\t<div class=\"elementor-widget-container\">\n\t\t\t\t\t\t\t\t\t<p>DE250105008<\/p>\t\t\t\t\t\t\t\t<\/div>\n\t\t\t\t<\/div>\n\t\t\t\t<\/div>\n\t\t<div class=\"elementor-element elementor-element-257b90d6 e-con-full e-flex e-con e-child\" data-id=\"257b90d6\" data-element_type=\"container\" data-e-type=\"container\">\n\t\t\t\t<div class=\"elementor-element elementor-element-7cb61be1 elementor-widget__width-initial elementor-widget elementor-widget-text-editor\" data-id=\"7cb61be1\" data-element_type=\"widget\" data-e-type=\"widget\" data-widget_type=\"text-editor.default\">\n\t\t\t\t<div class=\"elementor-widget-container\">\n\t\t\t\t\t\t\t\t\t<p>TERMS OF USE<\/p>\t\t\t\t\t\t\t\t<\/div>\n\t\t\t\t<\/div>\n\t\t\t\t<div class=\"elementor-element elementor-element-5b6d2639 elementor-widget__width-initial elementor-widget elementor-widget-text-editor\" data-id=\"5b6d2639\" data-element_type=\"widget\" data-e-type=\"widget\" data-widget_type=\"text-editor.default\">\n\t\t\t\t<div class=\"elementor-widget-container\">\n\t\t\t\t\t\t\t\t\t<p>Texte, Bilder, Grafiken sowie die Gestaltung dieser Internetseiten unterliegen dem Urheberrecht.<br \/>Sie d\u00fcrfen von Ihnen nur zum privaten und sonstigen eigenen Gebrauch im Rahmen des \u00a7 53 Urheberrechtsgesetz (UrhG) verwendet werden. Eine Vervielf\u00e4ltigung oder Verwendung dieser Seiten oder Teilen davon in anderen elektronischen oder gedruckten Publikationen und deren Ver\u00f6ffentlichung ist nur mit unserer Einwilligung gestattet. Diese erteilen auf Anfrage die f\u00fcr den Inhalt Verantwortlichen.<br \/>Weiterhin k\u00f6nnen Texte, Bilder, Grafiken und sonstige Dateien ganz oder teilweise dem Urheberrecht Dritter unterliegen. Auch \u00fcber das Bestehen m\u00f6glicher Rechte Dritter geben Ihnen die f\u00fcr den Inhalt Verantwortlichen n\u00e4here Ausk\u00fcnfte.<\/p>\t\t\t\t\t\t\t\t<\/div>\n\t\t\t\t<\/div>\n\t\t\t\t<div class=\"elementor-element elementor-element-9d3d02e elementor-widget__width-initial elementor-widget elementor-widget-text-editor\" data-id=\"9d3d02e\" data-element_type=\"widget\" data-e-type=\"widget\" data-widget_type=\"text-editor.default\">\n\t\t\t\t<div class=\"elementor-widget-container\">\n\t\t\t\t\t\t\t\t\t<p>DISCLAIMER<\/p>\t\t\t\t\t\t\t\t<\/div>\n\t\t\t\t<\/div>\n\t\t\t\t<div class=\"elementor-element elementor-element-b0a22be elementor-widget__width-initial elementor-widget elementor-widget-text-editor\" data-id=\"b0a22be\" data-element_type=\"widget\" data-e-type=\"widget\" data-widget_type=\"text-editor.default\">\n\t\t\t\t<div class=\"elementor-widget-container\">\n\t\t\t\t\t\t\t\t\t<p>Alle auf dieser Internetseite bereitgestellten Informationen haben wir nach bestem Wissen und Gewissen erarbeitet und gepr\u00fcft. Eine Gew\u00e4hr f\u00fcr die jederzeitige Aktualit\u00e4t, Richtigkeit, Vollst\u00e4ndigkeit und Verf\u00fcgbarkeit der bereit gestellten Informationen k\u00f6nnen wir allerdings nicht \u00fcbernehmen.<br \/>Ein Vertragsverh\u00e4ltnis mit den Nutzern des Internetangebots kommt nicht zustande. Wir haften nicht f\u00fcr Sch\u00e4den, die durch die Nutzung oder Nichtnutzung dieses Internetangebots entstehen. Dieser Haftungs-ausschluss gilt nicht, soweit die Vorschriften des \u00a7 839 BGB (Haftung bei Amtspflichtverletzung) einschl\u00e4gig sind. F\u00fcr etwaige Sch\u00e4den, die beim Aufrufen oder Herunterladen von Daten durch Computerviren oder der Installation oder Nutzung von Software verursacht werden, wird nicht gehaftet.<\/p>\t\t\t\t\t\t\t\t<\/div>\n\t\t\t\t<\/div>\n\t\t\t\t<div class=\"elementor-element elementor-element-757b95e elementor-widget__width-initial elementor-widget elementor-widget-text-editor\" data-id=\"757b95e\" data-element_type=\"widget\" data-e-type=\"widget\" data-widget_type=\"text-editor.default\">\n\t\t\t\t<div class=\"elementor-widget-container\">\n\t\t\t\t\t\t\t\t\t<p>Links<\/p>\t\t\t\t\t\t\t\t<\/div>\n\t\t\t\t<\/div>\n\t\t\t\t<div class=\"elementor-element elementor-element-a208b76 elementor-widget__width-initial elementor-widget elementor-widget-text-editor\" data-id=\"a208b76\" data-element_type=\"widget\" data-e-type=\"widget\" data-widget_type=\"text-editor.default\">\n\t\t\t\t<div class=\"elementor-widget-container\">\n\t\t\t\t\t\t\t\t\t<p>Von unseren eigenen Inhalten sind Querverweise (\u201eLinks\u201c) auf die Webseiten anderer Anbieter zu unterscheiden. Durch diese Links erm\u00f6glichen wir lediglich den Zugang zur Nutzung fremder Inhalte<br \/>nach \u00a7 8 Telemediengesetz. Bei der erstmaligen Verkn\u00fcpfung mit diesen Internetangeboten haben wir diese fremden Inhalte daraufhin \u00fcberpr\u00fcft, ob durch sie eine m\u00f6gliche zivilrechtliche oder strafrechtliche Verantwortlichkeit ausgel\u00f6st wird. Wir k\u00f6nnen diese fremden Inhalte aber nicht st\u00e4ndig auf Ver\u00e4nderungen \u00fcberpr\u00fcfen und daher auch keine Verantwortung daf\u00fcr \u00fcbernehmen. F\u00fcr illegale, fehlerhafte oder unvollst\u00e4ndige Inhalte und insbesondere f\u00fcr Sch\u00e4den, die aus der Nutzung oder Nichtnutzung von Informationen Dritter entstehen, haftet allein der jeweilige Anbieter der Seite.<\/p>\t\t\t\t\t\t\t\t<\/div>\n\t\t\t\t<\/div>\n\t\t\t\t<\/div>\n\t\t\t\t\t<\/div>\n\t\t\t\t<\/div>\n\t\t\t\t<\/div>","protected":false},"excerpt":{"rendered":"<p>ANGABEN GEM\u00c4SS \u00a7 5 TMG IMPRESSUM IMPRESSUM VERTRETUNGSBERECHTIGTER GESCH\u00c4FTSF\u00dcHRER Christoph Rogl Anschrift: Nexttop Gmbh Siemensstr. 57-59 48153 M\u00fcnster Kontakt FON [&hellip;]<\/p>\n","protected":false},"author":3,"featured_media":0,"parent":0,"menu_order":0,"comment_status":"closed","ping_status":"closed","template":"","meta":{"site-sidebar-layout":"no-sidebar","site-content-layout":"","ast-site-content-layout":"full-width-container","site-content-style":"default","site-sidebar-style":"default","ast-global-header-display":"","ast-banner-title-visibility":"","ast-main-header-display":"","ast-hfb-above-header-display":"","ast-hfb-below-header-display":"","ast-hfb-mobile-header-display":"","site-post-title":"disabled","ast-breadcrumbs-content":"","ast-featured-img":"disabled","footer-sml-layout":"","ast-disable-related-posts":"","theme-transparent-header-meta":"","adv-header-id-meta":"","stick-header-meta":"","header-above-stick-meta":"","header-main-stick-meta":"","header-below-stick-meta":"","astra-migrate-meta-layouts":"default","ast-page-background-enabled":"default","ast-page-background-meta":{"desktop":{"background-color":"var(--ast-global-color-5)","background-image":"","background-repeat":"repeat","background-position":"center center","background-size":"auto","background-attachment":"scroll","background-type":"","background-media":"","overlay-type":"","overlay-color":"","overlay-opacity":"","overlay-gradient":""},"tablet":{"background-color":"","background-image":"","background-repeat":"repeat","background-position":"center center","background-size":"auto","background-attachment":"scroll","background-type":"","background-media":"","overlay-type":"","overlay-color":"","overlay-opacity":"","overlay-gradient":""},"mobile":{"background-color":"","background-image":"","background-repeat":"repeat","background-position":"center center","background-size":"auto","background-attachment":"scroll","background-type":"","background-media":"","overlay-type":"","overlay-color":"","overlay-opacity":"","overlay-gradient":""}},"ast-content-background-meta":{"desktop":{"background-color":"var(--ast-global-color-4)","background-image":"","background-repeat":"repeat","background-position":"center center","background-size":"auto","background-attachment":"scroll","background-type":"","background-media":"","overlay-type":"","overlay-color":"","overlay-opacity":"","overlay-gradient":""},"tablet":{"background-color":"var(--ast-global-color-4)","background-image":"","background-repeat":"repeat","background-position":"center center","background-size":"auto","background-attachment":"scroll","background-type":"","background-media":"","overlay-type":"","overlay-color":"","overlay-opacity":"","overlay-gradient":""},"mobile":{"background-color":"var(--ast-global-color-4)","background-image":"","background-repeat":"repeat","background-position":"center center","background-size":"auto","background-attachment":"scroll","background-type":"","background-media":"","overlay-type":"","overlay-color":"","overlay-opacity":"","overlay-gradient":""}},"footnotes":""},"class_list":["post-780","page","type-page","status-publish","hentry"],"yoast_head":"<!-- This site is optimized with the Yoast SEO plugin v27.4 - https:\/\/yoast.com\/product\/yoast-seo-wordpress\/ -->\n<title>Impressum \u2013 Nexttop GmbH<\/title>\n<meta name=\"description\" content=\"Im Impressum der Nexttop GmbH finden Sie alle gesetzlich vorgeschriebenen Angaben und Kontaktdaten unseres Unternehmens.\" \/>\n<meta name=\"robots\" content=\"noindex, follow\" \/>\n<meta property=\"og:locale\" content=\"en_GB\" \/>\n<meta property=\"og:type\" content=\"article\" \/>\n<meta property=\"og:title\" content=\"Impressum \u2013 Nexttop GmbH\" \/>\n<meta property=\"og:description\" content=\"Im Impressum der Nexttop GmbH finden Sie alle gesetzlich vorgeschriebenen Angaben und Kontaktdaten unseres Unternehmens.\" \/>\n<meta property=\"og:url\" content=\"https:\/\/www.nexttop.de\/impressum\/\" \/>\n<meta property=\"og:site_name\" content=\"Nexttop GmbH\" \/>\n<meta property=\"article:modified_time\" content=\"2026-02-19T11:18:05+00:00\" \/>\n<meta name=\"twitter:card\" content=\"summary_large_image\" \/>\n<meta name=\"twitter:label1\" content=\"Estimated reading time\" \/>\n\t<meta name=\"twitter:data1\" content=\"2 minutes\" \/>\n<script type=\"application\/ld+json\" class=\"yoast-schema-graph\">{\"@context\":\"https:\\\/\\\/schema.org\",\"@graph\":[{\"@type\":\"WebPage\",\"@id\":\"https:\\\/\\\/nexttop.de\\\/impressum\\\/\",\"url\":\"https:\\\/\\\/www.nexttop.de\\\/impressum\\\/\",\"name\":\"Impressum \u2013 Nexttop GmbH\",\"isPartOf\":{\"@id\":\"https:\\\/\\\/nexttop.de\\\/#website\"},\"datePublished\":\"2025-05-02T18:28:03+00:00\",\"dateModified\":\"2026-02-19T11:18:05+00:00\",\"description\":\"Im Impressum der Nexttop GmbH finden Sie alle gesetzlich vorgeschriebenen Angaben und Kontaktdaten unseres Unternehmens.\",\"breadcrumb\":{\"@id\":\"https:\\\/\\\/www.nexttop.de\\\/impressum\\\/#breadcrumb\"},\"inLanguage\":\"en-GB\",\"potentialAction\":[{\"@type\":\"ReadAction\",\"target\":[\"https:\\\/\\\/www.nexttop.de\\\/impressum\\\/\"]}]},{\"@type\":\"BreadcrumbList\",\"@id\":\"https:\\\/\\\/www.nexttop.de\\\/impressum\\\/#breadcrumb\",\"itemListElement\":[{\"@type\":\"ListItem\",\"position\":1,\"name\":\"Startseite\",\"item\":\"https:\\\/\\\/nexttop.de\\\/\"},{\"@type\":\"ListItem\",\"position\":2,\"name\":\"Impressum\"}]},{\"@type\":\"WebSite\",\"@id\":\"https:\\\/\\\/nexttop.de\\\/#website\",\"url\":\"https:\\\/\\\/nexttop.de\\\/\",\"name\":\"Nexttop GmbH\",\"description\":\"Telefonservice, B\u00fcroservice und Kundenzufriedenheit\",\"publisher\":{\"@id\":\"https:\\\/\\\/nexttop.de\\\/#organization\"},\"potentialAction\":[{\"@type\":\"SearchAction\",\"target\":{\"@type\":\"EntryPoint\",\"urlTemplate\":\"https:\\\/\\\/nexttop.de\\\/?s={search_term_string}\"},\"query-input\":{\"@type\":\"PropertyValueSpecification\",\"valueRequired\":true,\"valueName\":\"search_term_string\"}}],\"inLanguage\":\"en-GB\"},{\"@type\":\"Organization\",\"@id\":\"https:\\\/\\\/nexttop.de\\\/#organization\",\"name\":\"Nexttop GmbH\",\"url\":\"https:\\\/\\\/nexttop.de\\\/\",\"logo\":{\"@type\":\"ImageObject\",\"inLanguage\":\"en-GB\",\"@id\":\"https:\\\/\\\/nexttop.de\\\/#\\\/schema\\\/logo\\\/image\\\/\",\"url\":\"https:\\\/\\\/nexttop.de\\\/wp-content\\\/uploads\\\/2025\\\/02\\\/Nexttop_Logo_Monochrome_RGB.png\",\"contentUrl\":\"https:\\\/\\\/nexttop.de\\\/wp-content\\\/uploads\\\/2025\\\/02\\\/Nexttop_Logo_Monochrome_RGB.png\",\"width\":394,\"height\":146,\"caption\":\"Nexttop GmbH\"},\"image\":{\"@id\":\"https:\\\/\\\/nexttop.de\\\/#\\\/schema\\\/logo\\\/image\\\/\"}}]}<\/script>\n<!-- \/ Yoast SEO plugin. -->","yoast_head_json":{"title":"Impressum \u2013 Nexttop GmbH","description":"Im Impressum der Nexttop GmbH finden Sie alle gesetzlich vorgeschriebenen Angaben und Kontaktdaten unseres Unternehmens.","robots":{"index":"noindex","follow":"follow"},"og_locale":"en_GB","og_type":"article","og_title":"Impressum \u2013 Nexttop GmbH","og_description":"Im Impressum der Nexttop GmbH finden Sie alle gesetzlich vorgeschriebenen Angaben und Kontaktdaten unseres Unternehmens.","og_url":"https:\/\/www.nexttop.de\/impressum\/","og_site_name":"Nexttop GmbH","article_modified_time":"2026-02-19T11:18:05+00:00","twitter_card":"summary_large_image","twitter_misc":{"Estimated reading time":"2 minutes"},"schema":{"@context":"https:\/\/schema.org","@graph":[{"@type":"WebPage","@id":"https:\/\/nexttop.de\/impressum\/","url":"https:\/\/www.nexttop.de\/impressum\/","name":"Impressum \u2013 Nexttop GmbH","isPartOf":{"@id":"https:\/\/nexttop.de\/#website"},"datePublished":"2025-05-02T18:28:03+00:00","dateModified":"2026-02-19T11:18:05+00:00","description":"Im Impressum der Nexttop GmbH finden Sie alle gesetzlich vorgeschriebenen Angaben und Kontaktdaten unseres Unternehmens.","breadcrumb":{"@id":"https:\/\/www.nexttop.de\/impressum\/#breadcrumb"},"inLanguage":"en-GB","potentialAction":[{"@type":"ReadAction","target":["https:\/\/www.nexttop.de\/impressum\/"]}]},{"@type":"BreadcrumbList","@id":"https:\/\/www.nexttop.de\/impressum\/#breadcrumb","itemListElement":[{"@type":"ListItem","position":1,"name":"Startseite","item":"https:\/\/nexttop.de\/"},{"@type":"ListItem","position":2,"name":"Impressum"}]},{"@type":"WebSite","@id":"https:\/\/nexttop.de\/#website","url":"https:\/\/nexttop.de\/","name":"Nexttop GmbH","description":"Telefonservice, B\u00fcroservice und Kundenzufriedenheit","publisher":{"@id":"https:\/\/nexttop.de\/#organization"},"potentialAction":[{"@type":"SearchAction","target":{"@type":"EntryPoint","urlTemplate":"https:\/\/nexttop.de\/?s={search_term_string}"},"query-input":{"@type":"PropertyValueSpecification","valueRequired":true,"valueName":"search_term_string"}}],"inLanguage":"en-GB"},{"@type":"Organization","@id":"https:\/\/nexttop.de\/#organization","name":"Nexttop GmbH","url":"https:\/\/nexttop.de\/","logo":{"@type":"ImageObject","inLanguage":"en-GB","@id":"https:\/\/nexttop.de\/#\/schema\/logo\/image\/","url":"https:\/\/nexttop.de\/wp-content\/uploads\/2025\/02\/Nexttop_Logo_Monochrome_RGB.png","contentUrl":"https:\/\/nexttop.de\/wp-content\/uploads\/2025\/02\/Nexttop_Logo_Monochrome_RGB.png","width":394,"height":146,"caption":"Nexttop GmbH"},"image":{"@id":"https:\/\/nexttop.de\/#\/schema\/logo\/image\/"}}]}},"jetpack_sharing_enabled":true,"_links":{"self":[{"href":"https:\/\/nexttop.de\/en\/wp-json\/wp\/v2\/pages\/780","targetHints":{"allow":["GET"]}}],"collection":[{"href":"https:\/\/nexttop.de\/en\/wp-json\/wp\/v2\/pages"}],"about":[{"href":"https:\/\/nexttop.de\/en\/wp-json\/wp\/v2\/types\/page"}],"author":[{"embeddable":true,"href":"https:\/\/nexttop.de\/en\/wp-json\/wp\/v2\/users\/3"}],"replies":[{"embeddable":true,"href":"https:\/\/nexttop.de\/en\/wp-json\/wp\/v2\/comments?post=780"}],"version-history":[{"count":73,"href":"https:\/\/nexttop.de\/en\/wp-json\/wp\/v2\/pages\/780\/revisions"}],"predecessor-version":[{"id":4687,"href":"https:\/\/nexttop.de\/en\/wp-json\/wp\/v2\/pages\/780\/revisions\/4687"}],"wp:attachment":[{"href":"https:\/\/nexttop.de\/en\/wp-json\/wp\/v2\/media?parent=780"}],"curies":[{"name":"wp","href":"https:\/\/api.w.org\/{rel}","templated":true}]}}